{"id":27256,"date":"2025-10-30T12:15:23","date_gmt":"2025-10-30T12:15:23","guid":{"rendered":"https:\/\/oscarparfums.ma\/?post_type=product&#038;p=27256"},"modified":"2026-02-05T19:17:42","modified_gmt":"2026-02-05T19:17:42","slug":"sauvage-eau-de-toilette","status":"publish","type":"product","link":"https:\/\/oscarparfums.ma\/index.php\/product\/sauvage-eau-de-toilette\/","title":{"rendered":"Sauvage Eau de toilette"},"content":{"rendered":"<p>Sauvage est un acte de cr\u00e9ation inspir\u00e9 des grands espaces. Un ciel bleu ozone qui domine un d\u00e9sert min\u00e9ral chauff\u00e9 \u00e0 blanc.<\/p>\n<p>Le souffle hesp\u00e9rid\u00e9 surdos\u00e9 de l&rsquo;eau de toilette Sauvage est puissamment soutenu par la noblesse ambr\u00e9e de l&rsquo;ambroxan, de l\u2019\u00e9l\u00e9mi r\u00e9sineux et des bois liants.<\/p>\n<p>Reconnaissable entre tous, c\u2019est un v\u00e9ritable sillage-signature qui s\u2019est impos\u00e9, unique* dans sa virilit\u00e9 assum\u00e9e.<\/p>\n<p>Comme une respiration intense et fra\u00eeche, l&rsquo;eau de toilette Sauvage est une composition franche pour un homme authentique et vrai.<\/p>\n<p>Rechargez votre flacon d&rsquo;eau de toilette Sauvage 100 ml et 30 ml portant la mention \u00ab RECHARGEABLE \u00bb au dos du flacon (eau de toilette 30 ml) ou dessous (eau de toilette 100 ml) avec la Recharge Sauvage 300 ml.<\/p>\n<p>* Chez Dior. \u00ab Pour cr\u00e9er Sauvage, je suis parti de l\u2019homme. Une masculinit\u00e9 franche et \u00e9vidente. Comme l\u2019image d\u2019un homme hors modes, hors temps. \u00bb<\/p>\n<p>Fran\u00e7ois Demachy, Parfumeur-Cr\u00e9ateur Dior Les ingr\u00e9dients d&rsquo;origine naturelle, s\u00e9lectionn\u00e9s avec une extr\u00eame exigence, sont jou\u00e9s en surdose. L&rsquo;accroche est rayonnante gr\u00e2ce \u00e0 la fra\u00eecheur juteuse de la bergamote Reggio de Calabre. Le sillage, puissamment bois\u00e9, est sign\u00e9 par l&rsquo;ambroxan. Fran\u00e7ois Demachy a exig\u00e9 pour Sauvage une essence de bergamote Reggio d\u2019une qualit\u00e9 particuli\u00e8re. Une bergamote exclusive qu\u2019il fa\u00e7onne avec les producteurs locaux afin d\u2019obtenir une signature \u00ab sur-mesure \u00bb pour la maison Dior. Gorg\u00e9e du soleil de Calabre, elle est plus fruit\u00e9e et d\u00e9veloppe des facettes uniques, l\u00e9g\u00e8rement poivr\u00e9es et zest\u00e9es.<\/p>\n","protected":false},"excerpt":{"rendered":"<p>La fra\u00eecheur brute d&rsquo;une bergamote poivr\u00e9e et le sillage noble d&rsquo;un bois ambr\u00e9. Les flacons 30 ml et 100 ml de l&rsquo;eau de toilette Sauvage portant la mention \u00ab RECHARGEABLE \u00bb peuvent \u00eatre remplis de nouveau avec la Recharge Sauvage.<\/p>\n","protected":false},"featured_media":27257,"comment_status":"open","ping_status":"closed","template":"","meta":[],"product_brand":[125],"product_cat":[126],"product_tag":[128],"class_list":{"0":"post-27256","1":"product","2":"type-product","3":"status-publish","4":"has-post-thumbnail","6":"product_brand-dior","7":"product_cat-hommes","8":"product_tag-dior","10":"first","11":"instock","12":"shipping-taxable","13":"purchasable","14":"product-type-simple"},"aioseo_notices":[],"jetpack_sharing_enabled":true,"_links":{"self":[{"href":"https:\/\/oscarparfums.ma\/index.php\/wp-json\/wp\/v2\/product\/27256","targetHints":{"allow":["GET"]}}],"collection":[{"href":"https:\/\/oscarparfums.ma\/index.php\/wp-json\/wp\/v2\/product"}],"about":[{"href":"https:\/\/oscarparfums.ma\/index.php\/wp-json\/wp\/v2\/types\/product"}],"replies":[{"embeddable":true,"href":"https:\/\/oscarparfums.ma\/index.php\/wp-json\/wp\/v2\/comments?post=27256"}],"version-history":[{"count":1,"href":"https:\/\/oscarparfums.ma\/index.php\/wp-json\/wp\/v2\/product\/27256\/revisions"}],"predecessor-version":[{"id":27258,"href":"https:\/\/oscarparfums.ma\/index.php\/wp-json\/wp\/v2\/product\/27256\/revisions\/27258"}],"wp:featuredmedia":[{"embeddable":true,"href":"https:\/\/oscarparfums.ma\/index.php\/wp-json\/wp\/v2\/media\/27257"}],"wp:attachment":[{"href":"https:\/\/oscarparfums.ma\/index.php\/wp-json\/wp\/v2\/media?parent=27256"}],"wp:term":[{"taxonomy":"product_brand","embeddable":true,"href":"https:\/\/oscarparfums.ma\/index.php\/wp-json\/wp\/v2\/product_brand?post=27256"},{"taxonomy":"product_cat","embeddable":true,"href":"https:\/\/oscarparfums.ma\/index.php\/wp-json\/wp\/v2\/product_cat?post=27256"},{"taxonomy":"product_tag","embeddable":true,"href":"https:\/\/oscarparfums.ma\/index.php\/wp-json\/wp\/v2\/product_tag?post=27256"}],"curies":[{"name":"wp","href":"https:\/\/api.w.org\/{rel}","templated":true}]}}