{"id":27266,"date":"2025-10-30T12:25:38","date_gmt":"2025-10-30T12:25:38","guid":{"rendered":"https:\/\/oscarparfums.ma\/?post_type=product&#038;p=27266"},"modified":"2026-02-05T19:18:37","modified_gmt":"2026-02-05T19:18:37","slug":"bleu-de-chanel","status":"publish","type":"product","link":"https:\/\/oscarparfums.ma\/index.php\/product\/bleu-de-chanel\/","title":{"rendered":"BLEU DE CHANEL"},"content":{"rendered":"<p>L\u2019\u00e9loge de la libert\u00e9 masculine dans un aromatique-bois\u00e9 au sillage captivant. Un parfum intemporel, anticonformiste, contenu dans un flacon d&rsquo;un bleu \u00e9nigmatique. L&rsquo;esprit anticonformiste de BLEU DE CHANEL prend ici la forme d&rsquo;une Eau de Parfum au masculin. Une signature olfactive plus radicale pour une affirmation de soi encore plus grande. L&rsquo;Eau de Parfum offre un parfumage intense et se vaporise par nuages sur la peau ou sur l&rsquo;envers des v\u00eatements.<br \/>\nPour un parfumage intensifi\u00e9 tout au long de la journ\u00e9e, une ligne compl\u00e8te de produits pour le rasage et le corps compl\u00e8te cette Eau de Parfum.<\/p>\n","protected":false},"excerpt":{"rendered":"<div class=\"product attribute overview\">\n<div class=\"value\">L\u2019\u00e9loge de la libert\u00e9 masculine dans un aromatique-bois\u00e9 au sillage captivant. Un parfum intemporel, anticonformiste, contenu dans un flacon d&rsquo;un bleu \u00e9nigmatique.<\/div>\n<\/div>\n<div class=\"product-info-price\">\n<div class=\"price-box price-final_price\" data-role=\"priceBox\" data-product-id=\"10244\" data-price-box=\"product-id-10244\"><\/div>\n<\/div>\n","protected":false},"featured_media":27269,"comment_status":"open","ping_status":"closed","template":"","meta":[],"product_brand":[130],"product_cat":[126],"product_tag":[],"class_list":{"0":"post-27266","1":"product","2":"type-product","3":"status-publish","4":"has-post-thumbnail","6":"product_brand-chanel","7":"product_cat-hommes","9":"first","10":"instock","11":"shipping-taxable","12":"purchasable","13":"product-type-simple"},"aioseo_notices":[],"jetpack_sharing_enabled":true,"_links":{"self":[{"href":"https:\/\/oscarparfums.ma\/index.php\/wp-json\/wp\/v2\/product\/27266","targetHints":{"allow":["GET"]}}],"collection":[{"href":"https:\/\/oscarparfums.ma\/index.php\/wp-json\/wp\/v2\/product"}],"about":[{"href":"https:\/\/oscarparfums.ma\/index.php\/wp-json\/wp\/v2\/types\/product"}],"replies":[{"embeddable":true,"href":"https:\/\/oscarparfums.ma\/index.php\/wp-json\/wp\/v2\/comments?post=27266"}],"version-history":[{"count":1,"href":"https:\/\/oscarparfums.ma\/index.php\/wp-json\/wp\/v2\/product\/27266\/revisions"}],"predecessor-version":[{"id":27270,"href":"https:\/\/oscarparfums.ma\/index.php\/wp-json\/wp\/v2\/product\/27266\/revisions\/27270"}],"wp:featuredmedia":[{"embeddable":true,"href":"https:\/\/oscarparfums.ma\/index.php\/wp-json\/wp\/v2\/media\/27269"}],"wp:attachment":[{"href":"https:\/\/oscarparfums.ma\/index.php\/wp-json\/wp\/v2\/media?parent=27266"}],"wp:term":[{"taxonomy":"product_brand","embeddable":true,"href":"https:\/\/oscarparfums.ma\/index.php\/wp-json\/wp\/v2\/product_brand?post=27266"},{"taxonomy":"product_cat","embeddable":true,"href":"https:\/\/oscarparfums.ma\/index.php\/wp-json\/wp\/v2\/product_cat?post=27266"},{"taxonomy":"product_tag","embeddable":true,"href":"https:\/\/oscarparfums.ma\/index.php\/wp-json\/wp\/v2\/product_tag?post=27266"}],"curies":[{"name":"wp","href":"https:\/\/api.w.org\/{rel}","templated":true}]}}