{"id":27271,"date":"2025-10-30T12:33:20","date_gmt":"2025-10-30T12:33:20","guid":{"rendered":"https:\/\/oscarparfums.ma\/?post_type=product&#038;p=27271"},"modified":"2026-02-05T19:20:36","modified_gmt":"2026-02-05T19:20:36","slug":"one-million-paco-rabanne","status":"publish","type":"product","link":"https:\/\/oscarparfums.ma\/index.php\/product\/one-million-paco-rabanne\/","title":{"rendered":"ONE MILLION Paco Rabanne"},"content":{"rendered":"<p>1 MILLION Parfum, Paco Rabanne pour les hommes.<\/p>\n<p>Comment devenir 1 MILLION parmi des Millions ? \u00catre excessif avec style. Exag\u00e9rer. Juste un peu. Faire toujours preuve d\u2019insolence : avoir l\u2019audace d\u2019\u00eatre too much. 1 MILLION Parfum. Une fragrance cuir solaire aux effets sal\u00e9s, chaud sur la peau. Un lingot addict \u00e0 l\u2019or. Un parfum pour homme puissant. D\u00e9lib\u00e9r\u00e9ment flambeur.<\/p>\n<p>Opulence d\u2019un cuir solaire aux effets sal\u00e9s. Insolence d\u2019un lingot ultra-flamboyant. 1 MILLION parfum.<\/p>\n<div>Osez porter l\u2019arme ultime de s\u00e9duction : mandarine, cannelle bois\u00e9e et ambre cuir\u00e9.<\/div>\n<div><\/div>\n<div>La mandarine et la menthe poivr\u00e9e s\u2019entrechoquent dans un \u00e9clair de d\u00e9sir brut, tandis que le c\u0153ur s&rsquo;enflamme avec de l&rsquo;absolu de rose et des \u00e9pices bois\u00e9es. Le cuir et l&rsquo;ambre dominent le fond, laissant un sillage sensuel et addictif qui persiste longtemps apr\u00e8s la tomb\u00e9e de la nuit.<\/div>\n<div>Le flacon 1 Million, un lingot d&rsquo;or brillant et \u00e9l\u00e9gant, est un v\u00e9ritable objet d&rsquo;art.<\/div>\n<div><\/div>\n<div>Il incarne le pouvoir, le succ\u00e8s et la s\u00e9duction \u00e0 l\u2019\u00e9tat pur.<\/div>\n<div>1 Million Eau de Toilette : pour ceux qui vivent sans limites et marquent les esprits.<\/div>\n<div>\n<p><strong>Vegan :\u00a0<\/strong>Des produits sans ingr\u00e9dient d\u2019origine animale.<\/p>\n<\/div>\n","protected":false},"excerpt":{"rendered":"<p>1 MILLION Parfum, Paco Rabanne pour les hommes. Comment devenir 1 MILLION parmi des Millions ? \u00catre excessif avec style.<\/p>\n","protected":false},"featured_media":27272,"comment_status":"open","ping_status":"closed","template":"","meta":[],"product_brand":[132],"product_cat":[126],"product_tag":[134,133],"class_list":{"0":"post-27271","1":"product","2":"type-product","3":"status-publish","4":"has-post-thumbnail","6":"product_brand-paco-rabanne","7":"product_cat-hommes","8":"product_tag-1-million","9":"product_tag-paco-rabanne","11":"first","12":"instock","13":"shipping-taxable","14":"purchasable","15":"product-type-simple"},"aioseo_notices":[],"jetpack_sharing_enabled":true,"_links":{"self":[{"href":"https:\/\/oscarparfums.ma\/index.php\/wp-json\/wp\/v2\/product\/27271","targetHints":{"allow":["GET"]}}],"collection":[{"href":"https:\/\/oscarparfums.ma\/index.php\/wp-json\/wp\/v2\/product"}],"about":[{"href":"https:\/\/oscarparfums.ma\/index.php\/wp-json\/wp\/v2\/types\/product"}],"replies":[{"embeddable":true,"href":"https:\/\/oscarparfums.ma\/index.php\/wp-json\/wp\/v2\/comments?post=27271"}],"version-history":[{"count":1,"href":"https:\/\/oscarparfums.ma\/index.php\/wp-json\/wp\/v2\/product\/27271\/revisions"}],"predecessor-version":[{"id":27277,"href":"https:\/\/oscarparfums.ma\/index.php\/wp-json\/wp\/v2\/product\/27271\/revisions\/27277"}],"wp:featuredmedia":[{"embeddable":true,"href":"https:\/\/oscarparfums.ma\/index.php\/wp-json\/wp\/v2\/media\/27272"}],"wp:attachment":[{"href":"https:\/\/oscarparfums.ma\/index.php\/wp-json\/wp\/v2\/media?parent=27271"}],"wp:term":[{"taxonomy":"product_brand","embeddable":true,"href":"https:\/\/oscarparfums.ma\/index.php\/wp-json\/wp\/v2\/product_brand?post=27271"},{"taxonomy":"product_cat","embeddable":true,"href":"https:\/\/oscarparfums.ma\/index.php\/wp-json\/wp\/v2\/product_cat?post=27271"},{"taxonomy":"product_tag","embeddable":true,"href":"https:\/\/oscarparfums.ma\/index.php\/wp-json\/wp\/v2\/product_tag?post=27271"}],"curies":[{"name":"wp","href":"https:\/\/api.w.org\/{rel}","templated":true}]}}