{"id":27278,"date":"2025-10-30T12:40:37","date_gmt":"2025-10-30T12:40:37","guid":{"rendered":"https:\/\/oscarparfums.ma\/?post_type=product&#038;p=27278"},"modified":"2026-02-05T19:20:59","modified_gmt":"2026-02-05T19:20:59","slug":"invictus-le-parfum","status":"publish","type":"product","link":"https:\/\/oscarparfums.ma\/index.php\/product\/invictus-le-parfum\/","title":{"rendered":"Invictus Le Parfum"},"content":{"rendered":"<p><b>Invictus Parfum<\/b>\u00a0de\u00a0<b>Rabanne<\/b>\u00a0est un parfum Aromatique Aquatique pour homme. C&rsquo;est un nouveau parfum.\u00a0<b>Invictus Parfum<\/b>\u00a0a \u00e9t\u00e9 lanc\u00e9 en 2024. Invictus Parfum a \u00e9t\u00e9 cr\u00e9\u00e9 par Anne Flipo et Caroline Dumur. Les notes de t\u00eate sont Notes marines, Lavande et Poivre rose; les notes de coeur sont Savon, Feuille de violette et Myrte; les notes de fond sont Musc, Bois de cachemire et Bois de santal.<\/p>\n<p><strong><em>COMPOSITION :<\/em><\/strong><\/p>\n<p>&#8211; Lavande<\/p>\n<p>&#8211; Musc<\/p>\n<p>&#8211; Bois de Santal<\/p>\n<p>&#8211; Poivre Rose<\/p>\n<p>&#8211; Savon<\/p>\n<p>&#8211; Notes Marines<\/p>\n<p>&#8211; Bois de Cachemire<\/p>\n<p>&#8211; Myrte<\/p>\n<p>&#8211; Feuille de Violette<\/p>\n","protected":false},"excerpt":{"rendered":"<p>Invictus Parfum\u00a0de\u00a0Rabanne\u00a0est un parfum Aromatique Aquatique pour homme. C&rsquo;est un nouveau parfum.\u00a0Invictus Parfum\u00a0a \u00e9t\u00e9 lanc\u00e9 en 2024. Invictus Parfum a<\/p>\n","protected":false},"featured_media":27279,"comment_status":"open","ping_status":"closed","template":"","meta":[],"product_brand":[132],"product_cat":[126],"product_tag":[135],"class_list":{"0":"post-27278","1":"product","2":"type-product","3":"status-publish","4":"has-post-thumbnail","6":"product_brand-paco-rabanne","7":"product_cat-hommes","8":"product_tag-invictus","10":"first","11":"instock","12":"shipping-taxable","13":"purchasable","14":"product-type-simple"},"aioseo_notices":[],"jetpack_sharing_enabled":true,"_links":{"self":[{"href":"https:\/\/oscarparfums.ma\/index.php\/wp-json\/wp\/v2\/product\/27278","targetHints":{"allow":["GET"]}}],"collection":[{"href":"https:\/\/oscarparfums.ma\/index.php\/wp-json\/wp\/v2\/product"}],"about":[{"href":"https:\/\/oscarparfums.ma\/index.php\/wp-json\/wp\/v2\/types\/product"}],"replies":[{"embeddable":true,"href":"https:\/\/oscarparfums.ma\/index.php\/wp-json\/wp\/v2\/comments?post=27278"}],"version-history":[{"count":1,"href":"https:\/\/oscarparfums.ma\/index.php\/wp-json\/wp\/v2\/product\/27278\/revisions"}],"predecessor-version":[{"id":27281,"href":"https:\/\/oscarparfums.ma\/index.php\/wp-json\/wp\/v2\/product\/27278\/revisions\/27281"}],"wp:featuredmedia":[{"embeddable":true,"href":"https:\/\/oscarparfums.ma\/index.php\/wp-json\/wp\/v2\/media\/27279"}],"wp:attachment":[{"href":"https:\/\/oscarparfums.ma\/index.php\/wp-json\/wp\/v2\/media?parent=27278"}],"wp:term":[{"taxonomy":"product_brand","embeddable":true,"href":"https:\/\/oscarparfums.ma\/index.php\/wp-json\/wp\/v2\/product_brand?post=27278"},{"taxonomy":"product_cat","embeddable":true,"href":"https:\/\/oscarparfums.ma\/index.php\/wp-json\/wp\/v2\/product_cat?post=27278"},{"taxonomy":"product_tag","embeddable":true,"href":"https:\/\/oscarparfums.ma\/index.php\/wp-json\/wp\/v2\/product_tag?post=27278"}],"curies":[{"name":"wp","href":"https:\/\/api.w.org\/{rel}","templated":true}]}}