{"id":27282,"date":"2025-10-30T12:46:43","date_gmt":"2025-10-30T12:46:43","guid":{"rendered":"https:\/\/oscarparfums.ma\/?post_type=product&#038;p=27282"},"modified":"2026-02-05T19:21:58","modified_gmt":"2026-02-05T19:21:58","slug":"terre-dhermes-parfum","status":"publish","type":"product","link":"https:\/\/oscarparfums.ma\/index.php\/product\/terre-dhermes-parfum\/","title":{"rendered":"Terre d&rsquo;Herm\u00e8s Parfum"},"content":{"rendered":"<div class=\"Y3BBE\" data-sfc-cp=\"\" data-hveid=\"CAMQAA\" data-complete=\"true\" data-processed=\"true\"><span class=\"T286Pc\" data-sfc-cp=\"\" data-complete=\"true\" data-processed=\"true\">Terre d&rsquo;Herm\u00e8s\u00a0<\/span><mark class=\"HxTRcb\" data-complete=\"true\" data-sae=\"\"><span class=\"T286Pc\" data-sfc-cp=\"\" data-complete=\"true\">est un parfum masculin de la maison Herm\u00e8s, cr\u00e9\u00e9 en 2006 par le parfumeur Jean-Claude Ellena<\/span><\/mark>. Cette fragrance est une exploration du lien de l&rsquo;homme avec la terre, un dialogue harmonieux et symbolique avec la nature et les \u00e9l\u00e9ments. Elle est con\u00e7ue pour l&rsquo;homme moderne, \u00e0 la fois simple et complexe, puissant et \u00e9l\u00e9gant.<span class=\"uJ19be notranslate\" data-wiz-uids=\"F5gV4e_h,F5gV4e_i\" data-complete=\"true\" data-processed=\"true\"><span class=\"vKEkVd\" data-animation-atomic=\"\" data-sae=\"\">\u00a0<button class=\"rBl3me\" data-amic=\"true\" data-icl-uuid=\"c4128c25-8c9e-45ce-821d-5a4fd1a07445\" aria-label=\"View related links\" data-wiz-attrbind=\"disabled=F5gV4e_h_C5gNJc;class=F5gV4e_h_UpSNec;\" data-ved=\"2ahUKEwjLycHw-cuQAxWNVaQEHfq3Gi0Qye0OegQIAxAC\"><\/button><\/span><\/span><\/div>\n<div class=\"Fsg96\" data-sfc-cp=\"\" data-complete=\"true\" data-processed=\"true\"><\/div>\n<div class=\"otQkpb\" role=\"heading\" data-animation-nesting=\"\" data-sfc-cp=\"\" data-complete=\"true\" data-processed=\"true\" data-sae=\"\">Caract\u00e9ristiques et composition<button class=\"rBl3me\" data-amic=\"true\" data-icl-uuid=\"4af8a168-2ece-48aa-b5f5-abe3329ebc02\" aria-label=\"View related links\" data-wiz-attrbind=\"disabled=F5gV4e_r_C5gNJc;class=F5gV4e_r_UpSNec;\" data-ved=\"2ahUKEwjLycHw-cuQAxWNVaQEHfq3Gi0Qye0OegQIBBAA\"><\/button><\/div>\n<div class=\"Y3BBE\" data-sfc-cp=\"\" data-hveid=\"CAUQAA\" data-complete=\"true\" data-processed=\"true\">Le parfum, qui existe en Eau de Toilette et en versions plus concentr\u00e9es (Parfum, Eau Intense), se distingue par son caract\u00e8re bois\u00e9, min\u00e9ral et \u00e9pic\u00e9.<span class=\"uJ19be notranslate\" data-wiz-uids=\"F5gV4e_u,F5gV4e_v\" data-complete=\"true\" data-processed=\"true\"><span class=\"vKEkVd\" data-animation-atomic=\"\" data-sae=\"\">\u00a0<button class=\"rBl3me\" data-amic=\"true\" data-icl-uuid=\"ac637f15-56ee-431c-9c75-8b9570fab152\" aria-label=\"View related links\" data-wiz-attrbind=\"disabled=F5gV4e_u_C5gNJc;class=F5gV4e_u_UpSNec;\" data-ved=\"2ahUKEwjLycHw-cuQAxWNVaQEHfq3Gi0Qye0OegQIBRAB\"><\/button><\/span><\/span><\/div>\n<ul class=\"KsbFXc U6u95\" data-processed=\"true\" data-complete=\"true\">\n<li data-hveid=\"CAYQAA\" data-complete=\"true\" data-sae=\"\"><span class=\"T286Pc\" data-sfc-cp=\"\" data-complete=\"true\"><strong class=\"Yjhzub\" data-complete=\"true\">Notes olfactives principales :<\/strong><\/span>\n<ul class=\"KsbFXc U6u95\" data-complete=\"true\">\n<li data-hveid=\"CAYQAQ\" data-complete=\"true\" data-sae=\"\"><span class=\"T286Pc\" data-sfc-cp=\"\" data-complete=\"true\"><strong class=\"Yjhzub\" data-complete=\"true\">T\u00eate :<\/strong>\u00a0La fragrance s&rsquo;ouvre sur la vivacit\u00e9 des agrumes, avec des notes d&rsquo;orange et de pamplemousse.<\/span><\/li>\n<li data-hveid=\"CAYQAg\" data-complete=\"true\" data-sae=\"\"><span class=\"T286Pc\" data-sfc-cp=\"\" data-complete=\"true\"><strong class=\"Yjhzub\" data-complete=\"true\">C\u0153ur :<\/strong>\u00a0Le c\u0153ur se compose d&rsquo;\u00e9pices, comme le poivre, et d&rsquo;une note min\u00e9rale de silex.<\/span><\/li>\n<li data-hveid=\"CAYQAw\" data-complete=\"true\" data-sae=\"\"><span class=\"T286Pc\" data-sfc-cp=\"\" data-complete=\"true\"><strong class=\"Yjhzub\" data-complete=\"true\">Fond :<\/strong>\u00a0Il se conclut sur des notes bois\u00e9es et terreuses de c\u00e8dre, de v\u00e9tiver et de patchouli, lui donnant un sillage viril et chaleureux.<\/span><span class=\"uJ19be notranslate\" data-wiz-uids=\"F5gV4e_1b,F5gV4e_1c\" data-complete=\"true\"><span class=\"vKEkVd\" data-animation-atomic=\"\" data-sae=\"\">\u00a0<button class=\"rBl3me\" data-amic=\"true\" data-icl-uuid=\"38a3308f-37af-42f4-ab52-14dec3270fc3\" aria-label=\"View related links\" data-wiz-attrbind=\"disabled=F5gV4e_1b_C5gNJc;class=F5gV4e_1b_UpSNec;\" data-ved=\"2ahUKEwjLycHw-cuQAxWNVaQEHfq3Gi0Qye0OegQIBhAE\"><\/button><\/span><\/span><\/li>\n<\/ul>\n<\/li>\n<\/ul>\n<div class=\"Fsg96\" data-sfc-cp=\"\" data-complete=\"true\" data-processed=\"true\"><\/div>\n<div class=\"otQkpb\" role=\"heading\" data-animation-nesting=\"\" data-sfc-cp=\"\" data-processed=\"true\" data-sae=\"\" data-complete=\"true\">Variations et d\u00e9clinaisons<button class=\"rBl3me\" data-amic=\"true\" data-icl-uuid=\"d89fde49-a6b2-4f46-b757-dcd5074aaa3b\" aria-label=\"View related links\" data-wiz-attrbind=\"disabled=F5gV4e_1j_C5gNJc;class=F5gV4e_1j_UpSNec;\" data-ved=\"2ahUKEwjLycHw-cuQAxWNVaQEHfq3Gi0Qye0OegQIBxAA\"><\/button><\/div>\n<div class=\"Y3BBE\" data-sfc-cp=\"\" data-hveid=\"CAgQAA\" data-complete=\"true\" data-processed=\"true\">Au fil des ann\u00e9es, Herm\u00e8s a d\u00e9clin\u00e9 Terre d&rsquo;Herm\u00e8s en plusieurs versions pour intensifier ou rafra\u00eechir l&rsquo;exp\u00e9rience olfactive :<button class=\"rBl3me\" data-amic=\"true\" data-icl-uuid=\"ee2e3232-f2bc-45c9-b64a-3abfb5af056e\" aria-label=\"View related links\" data-wiz-attrbind=\"disabled=F5gV4e_1m_C5gNJc;class=F5gV4e_1m_UpSNec;\" data-ved=\"2ahUKEwjLycHw-cuQAxWNVaQEHfq3Gi0Qye0OegQICBAB\"><\/button><\/div>\n<ul class=\"KsbFXc U6u95\" data-complete=\"true\" data-processed=\"true\">\n<li data-hveid=\"CAoQAA\" data-complete=\"true\" data-sae=\"\"><span class=\"T286Pc\" data-sfc-cp=\"\" data-complete=\"true\"><strong class=\"Yjhzub\" data-complete=\"true\">Terre d&rsquo;Herm\u00e8s Parfum :<\/strong>\u00a0Une version plus dense et chaleureuse, o\u00f9 l&rsquo;\u00e9clat des agrumes se fond dans le c\u00e8dre, le benjoin et une note de shiso.<\/span><\/li>\n<li data-hveid=\"CAoQAQ\" data-complete=\"true\" data-sae=\"\"><span class=\"T286Pc\" data-sfc-cp=\"\" data-complete=\"true\"><strong class=\"Yjhzub\" data-complete=\"true\">Terre d&rsquo;Herm\u00e8s Eau Intense V\u00e9tiver :<\/strong>\u00a0Introduit une nouvelle force au parfum avec la puissance du v\u00e9tiver.<\/span><\/li>\n<li data-hveid=\"CAoQAg\" data-complete=\"true\" data-sae=\"\"><span class=\"T286Pc\" data-sfc-cp=\"\" data-complete=\"true\"><strong class=\"Yjhzub\" data-complete=\"true\">Terre d&rsquo;Herm\u00e8s Eau Givr\u00e9e :<\/strong>\u00a0Une eau de parfum plus fra\u00eeche et incisive, ajoutant des notes de c\u00e9drat et de baie de geni\u00e8vre.<\/span><span class=\"uJ19be notranslate\" data-wiz-uids=\"F5gV4e_2t,F5gV4e_2u\" data-complete=\"true\"><span class=\"vKEkVd\" data-animation-atomic=\"\" data-sae=\"\">\u00a0<button class=\"rBl3me\" data-amic=\"true\" data-icl-uuid=\"70f89c4b-3e20-4ed4-85f0-2926adfe0e7d\" aria-label=\"View related links\" data-wiz-attrbind=\"disabled=F5gV4e_2t_C5gNJc;class=F5gV4e_2t_UpSNec;\" data-ved=\"2ahUKEwjLycHw-cuQAxWNVaQEHfq3Gi0Qye0OegQIChAD\"><\/button><\/span><\/span><\/li>\n<\/ul>\n<div class=\"Fsg96\" data-sfc-cp=\"\" data-complete=\"true\" data-processed=\"true\"><\/div>\n<div class=\"otQkpb\" role=\"heading\" data-animation-nesting=\"\" data-sfc-cp=\"\" data-complete=\"true\" data-processed=\"true\" data-sae=\"\">Flacon et pr\u00e9sentation<button class=\"rBl3me\" data-amic=\"true\" data-icl-uuid=\"94d77994-a015-43f8-9010-421494293ef2\" aria-label=\"View related links\" data-wiz-attrbind=\"disabled=F5gV4e_32_C5gNJc;class=F5gV4e_32_UpSNec;\" data-ved=\"2ahUKEwjLycHw-cuQAxWNVaQEHfq3Gi0Qye0OegQIDBAA\"><\/button><\/div>\n<div class=\"Y3BBE\" data-sfc-cp=\"\" data-hveid=\"CA0QAA\" data-complete=\"true\" data-processed=\"true\">Le flacon de Terre d&rsquo;Herm\u00e8s est \u00e0 la fois sobre et sophistiqu\u00e9, avec un design \u00e9pur\u00e9 qui rappelle les contours d&rsquo;une bouteille d&rsquo;apothicaire. Il est souvent rechargeable, t\u00e9moignant de l&rsquo;engagement d&rsquo;Herm\u00e8s pour la durabilit\u00e9.<span class=\"uJ19be notranslate\" data-wiz-uids=\"F5gV4e_35,F5gV4e_36\" data-complete=\"true\" data-processed=\"true\"><span class=\"vKEkVd\" data-animation-atomic=\"\" data-sae=\"\">\u00a0<button class=\"rBl3me\" data-amic=\"true\" data-icl-uuid=\"77b54b22-20f7-4581-b05c-93c08c830f5c\" aria-label=\"View related links\" data-wiz-attrbind=\"disabled=F5gV4e_35_C5gNJc;class=F5gV4e_35_UpSNec;\" data-ved=\"2ahUKEwjLycHw-cuQAxWNVaQEHfq3Gi0Qye0OegQIDRAB\"><\/button><\/span><\/span><\/div>\n<div class=\"Fsg96\" data-sfc-cp=\"\" data-processed=\"true\" data-complete=\"true\"><\/div>\n<div class=\"otQkpb\" role=\"heading\" data-animation-nesting=\"\" data-sfc-cp=\"\" data-complete=\"true\" data-processed=\"true\" data-sae=\"\">Pour qui et quand le porter ?<button class=\"rBl3me\" data-amic=\"true\" data-icl-uuid=\"2ff7c166-ef39-4eb1-bec7-a9e0c199be88\" aria-label=\"View related links\" data-wiz-attrbind=\"disabled=F5gV4e_3b_C5gNJc;class=F5gV4e_3b_UpSNec;\" data-ved=\"2ahUKEwjLycHw-cuQAxWNVaQEHfq3Gi0Qye0OegQIDhAA\"><\/button><\/div>\n<div class=\"Y3BBE\" data-sfc-cp=\"\" data-hveid=\"CA8QAA\" data-complete=\"true\" data-processed=\"true\">En raison de sa polyvalence, Terre d&rsquo;Herm\u00e8s est un excellent choix pour diverses occasions. Son caract\u00e8re bois\u00e9 en fait un parfum id\u00e9al pour l&rsquo;automne et l&rsquo;hiver, tandis que sa fra\u00eecheur agrume permet de le porter au printemps et en \u00e9t\u00e9. Il est appr\u00e9ci\u00e9 aussi bien dans un cadre professionnel que pour des occasions sp\u00e9ciales.<span class=\"uJ19be notranslate\" data-wiz-uids=\"F5gV4e_3e,F5gV4e_3f\" data-complete=\"true\" data-processed=\"true\"><span class=\"vKEkVd\" data-animation-atomic=\"\" data-sae=\"\">\u00a0<button class=\"rBl3me\" data-amic=\"true\" data-icl-uuid=\"f28c6786-5960-40d4-8f95-63674b7d4d34\" aria-label=\"View related links\" data-wiz-attrbind=\"disabled=F5gV4e_3e_C5gNJc;class=F5gV4e_3e_UpSNec;\" data-ved=\"2ahUKEwjLycHw-cuQAxWNVaQEHfq3Gi0Qye0OegQIDxAB\"><\/button><\/span><\/span><\/div>\n<div class=\"Fsg96\" data-sfc-cp=\"\" data-complete=\"true\" data-processed=\"true\"><\/div>\n","protected":false},"excerpt":{"rendered":"<p>La chaleur et la densit\u00e9 des bois associ\u00e9es \u00e0 la douceur du benjoin et \u00e0 l\u2019\u00e9clat du shiso.<\/p>\n<p>Terre d\u2019Herm\u00e8s raconte la relation de l\u2019homme \u00e0 la terre, son dialogue humble et harmonieux avec la nature et les \u00e9l\u00e9ments. Terre d\u2019Herm\u00e8s est le parfum qui relie l\u2019homme \u00e0 ses origines, aux sources de sa puissance cr\u00e9atrice.<\/p>\n<p>Notes olfactives: Pamplemousse, C\u00e8dre, Shiso.<\/p>\n","protected":false},"featured_media":27284,"comment_status":"open","ping_status":"closed","template":"","meta":[],"product_brand":[137],"product_cat":[126],"product_tag":[138],"class_list":{"0":"post-27282","1":"product","2":"type-product","3":"status-publish","4":"has-post-thumbnail","6":"product_brand-hermes","7":"product_cat-hommes","8":"product_tag-hermes","10":"first","11":"instock","12":"shipping-taxable","13":"purchasable","14":"product-type-simple"},"aioseo_notices":[],"jetpack_sharing_enabled":true,"_links":{"self":[{"href":"https:\/\/oscarparfums.ma\/index.php\/wp-json\/wp\/v2\/product\/27282","targetHints":{"allow":["GET"]}}],"collection":[{"href":"https:\/\/oscarparfums.ma\/index.php\/wp-json\/wp\/v2\/product"}],"about":[{"href":"https:\/\/oscarparfums.ma\/index.php\/wp-json\/wp\/v2\/types\/product"}],"replies":[{"embeddable":true,"href":"https:\/\/oscarparfums.ma\/index.php\/wp-json\/wp\/v2\/comments?post=27282"}],"version-history":[{"count":2,"href":"https:\/\/oscarparfums.ma\/index.php\/wp-json\/wp\/v2\/product\/27282\/revisions"}],"predecessor-version":[{"id":27605,"href":"https:\/\/oscarparfums.ma\/index.php\/wp-json\/wp\/v2\/product\/27282\/revisions\/27605"}],"wp:featuredmedia":[{"embeddable":true,"href":"https:\/\/oscarparfums.ma\/index.php\/wp-json\/wp\/v2\/media\/27284"}],"wp:attachment":[{"href":"https:\/\/oscarparfums.ma\/index.php\/wp-json\/wp\/v2\/media?parent=27282"}],"wp:term":[{"taxonomy":"product_brand","embeddable":true,"href":"https:\/\/oscarparfums.ma\/index.php\/wp-json\/wp\/v2\/product_brand?post=27282"},{"taxonomy":"product_cat","embeddable":true,"href":"https:\/\/oscarparfums.ma\/index.php\/wp-json\/wp\/v2\/product_cat?post=27282"},{"taxonomy":"product_tag","embeddable":true,"href":"https:\/\/oscarparfums.ma\/index.php\/wp-json\/wp\/v2\/product_tag?post=27282"}],"curies":[{"name":"wp","href":"https:\/\/api.w.org\/{rel}","templated":true}]}}