{"id":27296,"date":"2025-10-30T14:30:13","date_gmt":"2025-10-30T14:30:13","guid":{"rendered":"https:\/\/oscarparfums.ma\/?post_type=product&#038;p=27296"},"modified":"2026-02-05T19:22:18","modified_gmt":"2026-02-05T19:22:18","slug":"y-eau-de-parfum-rechargeable-homme","status":"publish","type":"product","link":"https:\/\/oscarparfums.ma\/index.php\/product\/y-eau-de-parfum-rechargeable-homme\/","title":{"rendered":"Y \u2013 Eau de parfum Rechargeable Homme"},"content":{"rendered":"<p>La puissance audacieuse d&rsquo;une Lavande bois\u00e9e au sillage envo\u00fbtant.<br \/>\nEn t\u00eate, l\u2019intensit\u00e9 aromatique de la Lavande de France \u00e9clair\u00e9e par la fra\u00eecheur du G\u00e9ranium.<br \/>\nEn fond, la force absolue du Bois de C\u00e8dre noir am\u00e9ricain (exclusivement r\u00e9colt\u00e9 pour Yves Saint Laurent Beaut\u00e9) envelopp\u00e9e d&rsquo;un accord d&rsquo;Encens br\u00fblant.<\/p>\n<p><strong>L&rsquo;HISTOIRE<\/strong><\/p>\n<p>Y Le Parfum, le nouveau parfum pour homme par Yves Saint Laurent.<br \/>\nUn parfum bois\u00e9 au sillage intense pour un homme accompli.<br \/>\nS\u00fbr de lui, audacieux, il a fait de ses r\u00eaves une r\u00e9alit\u00e9.<\/p>\n<p><strong>LE FLACON<\/strong><\/p>\n<p>V\u00e9ritable objet de design, le flacon aux lignes \u00e9pur\u00e9es s&rsquo;habille d&rsquo;un laquage noir radical et d&rsquo;une \u00e9l\u00e9gante entaille en forme de \u00ab\u00a0Y\u00a0\u00bb \u00e0 m\u00eame le verre.<\/p>\n<p><strong>L&rsquo;OLFACTION<\/strong><\/p>\n<p>Famille olfactive : Foug\u00e8re Bois\u00e9e<\/p>\n<p>Note de t\u00eate : Essence de Lavande de France<br \/>\nNote de c\u0153ur : Absolu de G\u00e9ranium<br \/>\nNote de fond : Essence de Bois de C\u00e8dre noir, Accord d&rsquo;Encens<\/p>\n<p>&nbsp;<\/p>\n","protected":false},"excerpt":{"rendered":"<p>La puissance audacieuse d&rsquo;une Lavande bois\u00e9e au sillage envo\u00fbtant. En t\u00eate, l\u2019intensit\u00e9 aromatique de la Lavande de France \u00e9clair\u00e9e par<\/p>\n","protected":false},"featured_media":27297,"comment_status":"open","ping_status":"closed","template":"","meta":[],"product_brand":[141],"product_cat":[126],"product_tag":[143],"class_list":{"0":"post-27296","1":"product","2":"type-product","3":"status-publish","4":"has-post-thumbnail","6":"product_brand-yves-saint-laurent","7":"product_cat-hommes","8":"product_tag-yves-saint-laurent","10":"first","11":"instock","12":"shipping-taxable","13":"purchasable","14":"product-type-simple"},"aioseo_notices":[],"jetpack_sharing_enabled":true,"_links":{"self":[{"href":"https:\/\/oscarparfums.ma\/index.php\/wp-json\/wp\/v2\/product\/27296","targetHints":{"allow":["GET"]}}],"collection":[{"href":"https:\/\/oscarparfums.ma\/index.php\/wp-json\/wp\/v2\/product"}],"about":[{"href":"https:\/\/oscarparfums.ma\/index.php\/wp-json\/wp\/v2\/types\/product"}],"replies":[{"embeddable":true,"href":"https:\/\/oscarparfums.ma\/index.php\/wp-json\/wp\/v2\/comments?post=27296"}],"version-history":[{"count":1,"href":"https:\/\/oscarparfums.ma\/index.php\/wp-json\/wp\/v2\/product\/27296\/revisions"}],"predecessor-version":[{"id":27303,"href":"https:\/\/oscarparfums.ma\/index.php\/wp-json\/wp\/v2\/product\/27296\/revisions\/27303"}],"wp:featuredmedia":[{"embeddable":true,"href":"https:\/\/oscarparfums.ma\/index.php\/wp-json\/wp\/v2\/media\/27297"}],"wp:attachment":[{"href":"https:\/\/oscarparfums.ma\/index.php\/wp-json\/wp\/v2\/media?parent=27296"}],"wp:term":[{"taxonomy":"product_brand","embeddable":true,"href":"https:\/\/oscarparfums.ma\/index.php\/wp-json\/wp\/v2\/product_brand?post=27296"},{"taxonomy":"product_cat","embeddable":true,"href":"https:\/\/oscarparfums.ma\/index.php\/wp-json\/wp\/v2\/product_cat?post=27296"},{"taxonomy":"product_tag","embeddable":true,"href":"https:\/\/oscarparfums.ma\/index.php\/wp-json\/wp\/v2\/product_tag?post=27296"}],"curies":[{"name":"wp","href":"https:\/\/api.w.org\/{rel}","templated":true}]}}