{"id":27315,"date":"2025-10-30T15:11:49","date_gmt":"2025-10-30T15:11:49","guid":{"rendered":"https:\/\/oscarparfums.ma\/?post_type=product&#038;p=27315"},"modified":"2026-02-05T19:24:58","modified_gmt":"2026-02-05T19:24:58","slug":"versace-dylan-blue-eau-de-toilette","status":"publish","type":"product","link":"https:\/\/oscarparfums.ma\/index.php\/product\/versace-dylan-blue-eau-de-toilette\/","title":{"rendered":"VERSACE Dylan Blue &#8211; Eau de Toilette"},"content":{"rendered":"<div class=\"brand-content-left-block\">\n<div class=\"brand-content-title\"><\/div>\n<div class=\"brand-content-body text show-for-medium\">\n<p>La maison VERSACE est mondialement c\u00e9l\u00e8bre pour sa mode luxueuse, embl\u00e9matique et cr\u00e9ative. Incarnation d&rsquo;un glamour sensuel et puissant, elle est un v\u00e9ritable symbole de l&rsquo;excellence italienne. Alliant la culture n\u00e9o-classique \u00e0 un esprit d&rsquo;innovation constant, VERSACE se distingue par sa gamme compl\u00e8te de parfums sophistiqu\u00e9s et s\u00e9duisants, con\u00e7us pour sublimer la personnalit\u00e9 de ceux qui les portent<\/p>\n<\/div>\n<\/div>\n<div class=\"brand-content-right-block\">\n<div class=\"brand-content-image\"><img decoding=\"async\" id=\"r19sa3-interchange\" class=\"brand-image lazy-image\" src=\"https:\/\/www.sephora.fr\/dw\/image\/v2\/BCVW_PRD\/on\/demandware.static\/-\/Library-Sites-SephoraV2\/default\/dw3cfac51c\/brands\/BrandOnPP\/VERSACE_630_437_Brand_On_PP_05112024.jpg?q=75\" alt=\"\" data-src=\"\/on\/demandware.static\/Sites-Sephora_FR-Site\/-\/default\/dw6638272a\/images\/one_px.png\" data-interchange=\"[https:\/\/www.sephora.fr\/dw\/image\/v2\/BCVW_PRD\/on\/demandware.static\/-\/Library-Sites-SephoraV2\/default\/dw3cfac51c\/brands\/BrandOnPP\/VERSACE_630_437_Brand_On_PP_05112024.jpg?q=75, small][https:\/\/www.sephora.fr\/dw\/image\/v2\/BCVW_PRD\/on\/demandware.static\/-\/Library-Sites-SephoraV2\/default\/dw3cfac51c\/brands\/BrandOnPP\/VERSACE_630_437_Brand_On_PP_05112024.jpg?q=75, medium][https:\/\/www.sephora.fr\/dw\/image\/v2\/BCVW_PRD\/on\/demandware.static\/-\/Library-Sites-SephoraV2\/default\/dw3cfac51c\/brands\/BrandOnPP\/VERSACE_630_437_Brand_On_PP_05112024.jpg?q=75, large]\" data-resize=\"r19sa3-interchange\" data-e=\"rd4t2g-e\" \/><\/div>\n<\/div>\n","protected":false},"excerpt":{"rendered":"<p>La maison VERSACE est mondialement c\u00e9l\u00e8bre pour sa mode luxueuse, embl\u00e9matique et cr\u00e9ative. Incarnation d&rsquo;un glamour sensuel et puissant, elle<\/p>\n","protected":false},"featured_media":27317,"comment_status":"open","ping_status":"closed","template":"","meta":[],"product_brand":[147],"product_cat":[126],"product_tag":[149],"class_list":{"0":"post-27315","1":"product","2":"type-product","3":"status-publish","4":"has-post-thumbnail","6":"product_brand-versace","7":"product_cat-hommes","8":"product_tag-versace","10":"first","11":"instock","12":"shipping-taxable","13":"purchasable","14":"product-type-simple"},"aioseo_notices":[],"jetpack_sharing_enabled":true,"_links":{"self":[{"href":"https:\/\/oscarparfums.ma\/index.php\/wp-json\/wp\/v2\/product\/27315","targetHints":{"allow":["GET"]}}],"collection":[{"href":"https:\/\/oscarparfums.ma\/index.php\/wp-json\/wp\/v2\/product"}],"about":[{"href":"https:\/\/oscarparfums.ma\/index.php\/wp-json\/wp\/v2\/types\/product"}],"replies":[{"embeddable":true,"href":"https:\/\/oscarparfums.ma\/index.php\/wp-json\/wp\/v2\/comments?post=27315"}],"version-history":[{"count":1,"href":"https:\/\/oscarparfums.ma\/index.php\/wp-json\/wp\/v2\/product\/27315\/revisions"}],"predecessor-version":[{"id":27319,"href":"https:\/\/oscarparfums.ma\/index.php\/wp-json\/wp\/v2\/product\/27315\/revisions\/27319"}],"wp:featuredmedia":[{"embeddable":true,"href":"https:\/\/oscarparfums.ma\/index.php\/wp-json\/wp\/v2\/media\/27317"}],"wp:attachment":[{"href":"https:\/\/oscarparfums.ma\/index.php\/wp-json\/wp\/v2\/media?parent=27315"}],"wp:term":[{"taxonomy":"product_brand","embeddable":true,"href":"https:\/\/oscarparfums.ma\/index.php\/wp-json\/wp\/v2\/product_brand?post=27315"},{"taxonomy":"product_cat","embeddable":true,"href":"https:\/\/oscarparfums.ma\/index.php\/wp-json\/wp\/v2\/product_cat?post=27315"},{"taxonomy":"product_tag","embeddable":true,"href":"https:\/\/oscarparfums.ma\/index.php\/wp-json\/wp\/v2\/product_tag?post=27315"}],"curies":[{"name":"wp","href":"https:\/\/api.w.org\/{rel}","templated":true}]}}