{"id":27320,"date":"2025-10-30T15:14:50","date_gmt":"2025-10-30T15:14:50","guid":{"rendered":"https:\/\/oscarparfums.ma\/?post_type=product&#038;p=27320"},"modified":"2026-02-05T19:25:34","modified_gmt":"2026-02-05T19:25:34","slug":"versace-eros","status":"publish","type":"product","link":"https:\/\/oscarparfums.ma\/index.php\/product\/versace-eros\/","title":{"rendered":"Versace Eros"},"content":{"rendered":"<p>L&rsquo;univers masculin de VERSACE se d\u00e9couvre dans toute sa puissance et sa sensualit\u00e9, pour atteindre un nouveau degr\u00e9 de sophistication.<\/p>\n<p>Eros, glorieuse divinit\u00e9 dont la fl\u00e8che invincible vous fera succomber \u00e0 l&rsquo;amour, atteint des hauteurs passionn\u00e9es, d&rsquo;o\u00f9 \u00e9mane un d\u00e9sir sans pr\u00e9c\u00e9dent, aux limites de l&rsquo;interdit.<\/p>\n<p>Avec cette cr\u00e9ation olfactive inspir\u00e9e, VERSACE EROS Eau de Parfum orne de dorures son flacon et son \u00e9tui pour \u00e9crire un nouveau chapitre de sa mythologie spectaculaire et captivante.<\/p>\n<div class=\"gpsr-supplier-infos\">\n<p class=\"product-code\"><strong class=\"product-code-label\">Code produit:\u00a0<\/strong><span class=\"skuid\">528282<\/span><\/p>\n<p class=\"consumer-contact-infos\"><strong class=\"consumer-contact-label\">Responsable EU :<\/strong><br \/>\n<span class=\"consumer-contact-name\">VERSACE<\/span><br \/>\n<span class=\"consumer-contact-postal-address\">Via Galileo Galilei, 5, I-20873 Cavenago di Brianza,Italy<\/span><br \/>\n<span class=\"consumer-contact-email\">euroitalia.italy@euroitalia.it<\/span><\/p>\n<p class=\"manufacturer-contact-infos\"><strong class=\"manufacturer-contact-label\">Contact Fabricant :<\/strong><br \/>\n<span class=\"manufacturer-contact-name\">VERSACE<\/span><br \/>\n<span class=\"manufacturer-contact-postal-address\">Via Galileo Galilei, 5, I-20873 Cavenago di Brianza,Italy<\/span><br \/>\n<span class=\"manufacturer-contact-email\">euroitalia.italy@euroitalia.it<\/span><\/p>\n<\/div>\n","protected":false},"excerpt":{"rendered":"<p>L&rsquo;univers masculin de VERSACE se d\u00e9couvre dans toute sa puissance et sa sensualit\u00e9, pour atteindre un nouveau degr\u00e9 de sophistication.<\/p>\n","protected":false},"featured_media":27321,"comment_status":"open","ping_status":"closed","template":"","meta":[],"product_brand":[147],"product_cat":[126],"product_tag":[149],"class_list":{"0":"post-27320","1":"product","2":"type-product","3":"status-publish","4":"has-post-thumbnail","6":"product_brand-versace","7":"product_cat-hommes","8":"product_tag-versace","10":"first","11":"instock","12":"shipping-taxable","13":"purchasable","14":"product-type-simple"},"aioseo_notices":[],"jetpack_sharing_enabled":true,"_links":{"self":[{"href":"https:\/\/oscarparfums.ma\/index.php\/wp-json\/wp\/v2\/product\/27320","targetHints":{"allow":["GET"]}}],"collection":[{"href":"https:\/\/oscarparfums.ma\/index.php\/wp-json\/wp\/v2\/product"}],"about":[{"href":"https:\/\/oscarparfums.ma\/index.php\/wp-json\/wp\/v2\/types\/product"}],"replies":[{"embeddable":true,"href":"https:\/\/oscarparfums.ma\/index.php\/wp-json\/wp\/v2\/comments?post=27320"}],"version-history":[{"count":1,"href":"https:\/\/oscarparfums.ma\/index.php\/wp-json\/wp\/v2\/product\/27320\/revisions"}],"predecessor-version":[{"id":27325,"href":"https:\/\/oscarparfums.ma\/index.php\/wp-json\/wp\/v2\/product\/27320\/revisions\/27325"}],"wp:featuredmedia":[{"embeddable":true,"href":"https:\/\/oscarparfums.ma\/index.php\/wp-json\/wp\/v2\/media\/27321"}],"wp:attachment":[{"href":"https:\/\/oscarparfums.ma\/index.php\/wp-json\/wp\/v2\/media?parent=27320"}],"wp:term":[{"taxonomy":"product_brand","embeddable":true,"href":"https:\/\/oscarparfums.ma\/index.php\/wp-json\/wp\/v2\/product_brand?post=27320"},{"taxonomy":"product_cat","embeddable":true,"href":"https:\/\/oscarparfums.ma\/index.php\/wp-json\/wp\/v2\/product_cat?post=27320"},{"taxonomy":"product_tag","embeddable":true,"href":"https:\/\/oscarparfums.ma\/index.php\/wp-json\/wp\/v2\/product_tag?post=27320"}],"curies":[{"name":"wp","href":"https:\/\/api.w.org\/{rel}","templated":true}]}}