{"id":27327,"date":"2025-10-30T15:21:47","date_gmt":"2025-10-30T15:21:47","guid":{"rendered":"https:\/\/oscarparfums.ma\/?post_type=product&#038;p=27327"},"modified":"2026-02-05T19:25:51","modified_gmt":"2026-02-05T19:25:51","slug":"hugo-boss-bottled","status":"publish","type":"product","link":"https:\/\/oscarparfums.ma\/index.php\/product\/hugo-boss-bottled\/","title":{"rendered":"HUGO BOSS Bottled"},"content":{"rendered":"<div id=\"description\" class=\"data item content product-tab__content\" role=\"tabpanel\" data-role=\"content\" aria-labelledby=\"tab-label-description\" aria-hidden=\"false\">\n<div class=\"product attribute description\">\n<div class=\"value\">BOSS BOTTLED. LE PARFUM DE L\u2019HOMME D\u2019AUJOURD\u2019HUI. Depuis sa cr\u00e9ation, Hugo Boss incarne le succ\u00e8s au masculin, en particulier avec son parfum mythique BOSS BOTTLED. Lanc\u00e9 en 1998, BOSS BOTTLED a su \u00e9voluer avec son temps et s\u2019imposer comme un classique pour les hommes de tous \u00e2ges gr\u00e2ce \u00e0 ses notes raffin\u00e9es et envo\u00fbtantes de pomme, de cannelle et de bois de santal. BOSS BOTTLED pr\u00e9sente l\u2019Homme d\u2019Aujourd\u2019hui, un homme engag\u00e9, accompli \u00e0 la fois dans sa vie personnelle et professionnelle. Ce nouvel homme Boss avance avec assurance et sait rester fid\u00e8le \u00e0 lui-m\u00eame en toutes circonstances.<\/div>\n<\/div>\n<\/div>\n<div id=\"tab-label-additional\" class=\"data item title product-tab__title\" role=\"tab\" data-role=\"collapsible\" data-collapsible=\"true\" aria-controls=\"additional\" aria-expanded=\"false\"><\/div>\n","protected":false},"excerpt":{"rendered":"<p>BOSS BOTTLED. LE PARFUM DE L\u2019HOMME D\u2019AUJOURD\u2019HUI. Depuis sa cr\u00e9ation, Hugo Boss incarne le succ\u00e8s au masculin, en particulier avec<\/p>\n","protected":false},"featured_media":27329,"comment_status":"open","ping_status":"closed","template":"","meta":[],"product_brand":[151],"product_cat":[126],"product_tag":[],"class_list":{"0":"post-27327","1":"product","2":"type-product","3":"status-publish","4":"has-post-thumbnail","6":"product_brand-hugo-boss","7":"product_cat-hommes","9":"first","10":"instock","11":"shipping-taxable","12":"purchasable","13":"product-type-simple"},"aioseo_notices":[],"jetpack_sharing_enabled":true,"_links":{"self":[{"href":"https:\/\/oscarparfums.ma\/index.php\/wp-json\/wp\/v2\/product\/27327","targetHints":{"allow":["GET"]}}],"collection":[{"href":"https:\/\/oscarparfums.ma\/index.php\/wp-json\/wp\/v2\/product"}],"about":[{"href":"https:\/\/oscarparfums.ma\/index.php\/wp-json\/wp\/v2\/types\/product"}],"replies":[{"embeddable":true,"href":"https:\/\/oscarparfums.ma\/index.php\/wp-json\/wp\/v2\/comments?post=27327"}],"version-history":[{"count":2,"href":"https:\/\/oscarparfums.ma\/index.php\/wp-json\/wp\/v2\/product\/27327\/revisions"}],"predecessor-version":[{"id":27606,"href":"https:\/\/oscarparfums.ma\/index.php\/wp-json\/wp\/v2\/product\/27327\/revisions\/27606"}],"wp:featuredmedia":[{"embeddable":true,"href":"https:\/\/oscarparfums.ma\/index.php\/wp-json\/wp\/v2\/media\/27329"}],"wp:attachment":[{"href":"https:\/\/oscarparfums.ma\/index.php\/wp-json\/wp\/v2\/media?parent=27327"}],"wp:term":[{"taxonomy":"product_brand","embeddable":true,"href":"https:\/\/oscarparfums.ma\/index.php\/wp-json\/wp\/v2\/product_brand?post=27327"},{"taxonomy":"product_cat","embeddable":true,"href":"https:\/\/oscarparfums.ma\/index.php\/wp-json\/wp\/v2\/product_cat?post=27327"},{"taxonomy":"product_tag","embeddable":true,"href":"https:\/\/oscarparfums.ma\/index.php\/wp-json\/wp\/v2\/product_tag?post=27327"}],"curies":[{"name":"wp","href":"https:\/\/api.w.org\/{rel}","templated":true}]}}