{"id":27345,"date":"2025-10-30T15:38:35","date_gmt":"2025-10-30T15:38:35","guid":{"rendered":"https:\/\/oscarparfums.ma\/?post_type=product&#038;p=27345"},"modified":"2026-02-05T19:28:15","modified_gmt":"2026-02-05T19:28:15","slug":"acqua-di-gio","status":"publish","type":"product","link":"https:\/\/oscarparfums.ma\/index.php\/product\/acqua-di-gio\/","title":{"rendered":"Acqua di Gi\u00f2"},"content":{"rendered":"<p><b>Acqua di Gio<\/b>\u00a0de\u00a0<b>Giorgio Armani<\/b>\u00a0est un parfum Aromatique Aquatique pour homme.\u00a0<b>Acqua di Gio<\/b>\u00a0a \u00e9t\u00e9 lanc\u00e9 en 1996. Acqua di Gio a \u00e9t\u00e9 cr\u00e9\u00e9 par Alberto Morillas, Annick Menardo et Christian Dussoulier. Les notes de t\u00eate sont Citron vert, Citron, Bergamote, Jasmin, Orange, Mandarine et N\u00e9roli; les notes de coeur sont Notes marines, Jasmin, Calone, Romarin, P\u00eache, Freesia, Jacinthe, Cyclamen, Violette, Coriandre, Rose, Noix de muscade et R\u00e9s\u00e9da; les notes de fond sont Musc blanc, C\u00e8dre, Mousse de ch\u00eane, Patchouli et Ambre.<\/p>\n","protected":false},"excerpt":{"rendered":"<p>Acqua di Gio\u00a0de\u00a0Giorgio Armani\u00a0est un parfum Aromatique Aquatique pour homme.\u00a0Acqua di Gio\u00a0a \u00e9t\u00e9 lanc\u00e9 en 1996. Acqua di Gio a<\/p>\n","protected":false},"featured_media":27346,"comment_status":"open","ping_status":"closed","template":"","meta":[],"product_brand":[140],"product_cat":[126],"product_tag":[156],"class_list":{"0":"post-27345","1":"product","2":"type-product","3":"status-publish","4":"has-post-thumbnail","6":"product_brand-giorgio-armani","7":"product_cat-hommes","8":"product_tag-acqua-di-gio","10":"first","11":"instock","12":"shipping-taxable","13":"purchasable","14":"product-type-simple"},"aioseo_notices":[],"jetpack_sharing_enabled":true,"_links":{"self":[{"href":"https:\/\/oscarparfums.ma\/index.php\/wp-json\/wp\/v2\/product\/27345","targetHints":{"allow":["GET"]}}],"collection":[{"href":"https:\/\/oscarparfums.ma\/index.php\/wp-json\/wp\/v2\/product"}],"about":[{"href":"https:\/\/oscarparfums.ma\/index.php\/wp-json\/wp\/v2\/types\/product"}],"replies":[{"embeddable":true,"href":"https:\/\/oscarparfums.ma\/index.php\/wp-json\/wp\/v2\/comments?post=27345"}],"version-history":[{"count":1,"href":"https:\/\/oscarparfums.ma\/index.php\/wp-json\/wp\/v2\/product\/27345\/revisions"}],"predecessor-version":[{"id":27350,"href":"https:\/\/oscarparfums.ma\/index.php\/wp-json\/wp\/v2\/product\/27345\/revisions\/27350"}],"wp:featuredmedia":[{"embeddable":true,"href":"https:\/\/oscarparfums.ma\/index.php\/wp-json\/wp\/v2\/media\/27346"}],"wp:attachment":[{"href":"https:\/\/oscarparfums.ma\/index.php\/wp-json\/wp\/v2\/media?parent=27345"}],"wp:term":[{"taxonomy":"product_brand","embeddable":true,"href":"https:\/\/oscarparfums.ma\/index.php\/wp-json\/wp\/v2\/product_brand?post=27345"},{"taxonomy":"product_cat","embeddable":true,"href":"https:\/\/oscarparfums.ma\/index.php\/wp-json\/wp\/v2\/product_cat?post=27345"},{"taxonomy":"product_tag","embeddable":true,"href":"https:\/\/oscarparfums.ma\/index.php\/wp-json\/wp\/v2\/product_tag?post=27345"}],"curies":[{"name":"wp","href":"https:\/\/api.w.org\/{rel}","templated":true}]}}