{"id":27360,"date":"2025-10-30T15:58:06","date_gmt":"2025-10-30T15:58:06","guid":{"rendered":"https:\/\/oscarparfums.ma\/?post_type=product&#038;p=27360"},"modified":"2026-02-05T19:28:50","modified_gmt":"2026-02-05T19:28:50","slug":"ck-one-calvin-klein","status":"publish","type":"product","link":"https:\/\/oscarparfums.ma\/index.php\/product\/ck-one-calvin-klein\/","title":{"rendered":"CK One \u2013 Calvin Klein"},"content":{"rendered":"<p>ck one de Calvin Klein s&rsquo;adresse aussi bien aux femmes qu&rsquo;aux hommes qui sont en accord avec eux-m\u00eames et avec les autres.<\/p>\n<p>Naturel et d\u00e9contract\u00e9, le parfum s&rsquo;utilise sans retenue. C&rsquo;est une seule et unique senteur qu&rsquo;elle partage avec lui, qu&rsquo;il partage avec elle.<\/p>\n<p>Naturellement pur, simple et moderne avec une sensualit\u00e9 a\u00e9rienne.<br \/>\nUn accord de th\u00e9 vert traverse la fragrance depuis la note de t\u00eate en passant par la note de c\u0153ur et jusqu&rsquo;\u00e0 la note finale contribuant ainsi \u00e0 la signature de ck one.<\/p>\n","protected":false},"excerpt":{"rendered":"<p>ck one de Calvin Klein s&rsquo;adresse aussi bien aux femmes qu&rsquo;aux hommes qui sont en accord avec eux-m\u00eames et avec<\/p>\n","protected":false},"featured_media":27363,"comment_status":"open","ping_status":"closed","template":"","meta":[],"product_brand":[163],"product_cat":[126],"product_tag":[165],"class_list":{"0":"post-27360","1":"product","2":"type-product","3":"status-publish","4":"has-post-thumbnail","6":"product_brand-calvin-klein","7":"product_cat-hommes","8":"product_tag-ck-one-calvin-klein","10":"first","11":"instock","12":"shipping-taxable","13":"purchasable","14":"product-type-simple"},"aioseo_notices":[],"jetpack_sharing_enabled":true,"_links":{"self":[{"href":"https:\/\/oscarparfums.ma\/index.php\/wp-json\/wp\/v2\/product\/27360","targetHints":{"allow":["GET"]}}],"collection":[{"href":"https:\/\/oscarparfums.ma\/index.php\/wp-json\/wp\/v2\/product"}],"about":[{"href":"https:\/\/oscarparfums.ma\/index.php\/wp-json\/wp\/v2\/types\/product"}],"replies":[{"embeddable":true,"href":"https:\/\/oscarparfums.ma\/index.php\/wp-json\/wp\/v2\/comments?post=27360"}],"version-history":[{"count":1,"href":"https:\/\/oscarparfums.ma\/index.php\/wp-json\/wp\/v2\/product\/27360\/revisions"}],"predecessor-version":[{"id":27367,"href":"https:\/\/oscarparfums.ma\/index.php\/wp-json\/wp\/v2\/product\/27360\/revisions\/27367"}],"wp:featuredmedia":[{"embeddable":true,"href":"https:\/\/oscarparfums.ma\/index.php\/wp-json\/wp\/v2\/media\/27363"}],"wp:attachment":[{"href":"https:\/\/oscarparfums.ma\/index.php\/wp-json\/wp\/v2\/media?parent=27360"}],"wp:term":[{"taxonomy":"product_brand","embeddable":true,"href":"https:\/\/oscarparfums.ma\/index.php\/wp-json\/wp\/v2\/product_brand?post=27360"},{"taxonomy":"product_cat","embeddable":true,"href":"https:\/\/oscarparfums.ma\/index.php\/wp-json\/wp\/v2\/product_cat?post=27360"},{"taxonomy":"product_tag","embeddable":true,"href":"https:\/\/oscarparfums.ma\/index.php\/wp-json\/wp\/v2\/product_tag?post=27360"}],"curies":[{"name":"wp","href":"https:\/\/api.w.org\/{rel}","templated":true}]}}