{"id":27368,"date":"2025-10-30T16:03:20","date_gmt":"2025-10-30T16:03:20","guid":{"rendered":"https:\/\/oscarparfums.ma\/?post_type=product&#038;p=27368"},"modified":"2026-02-05T19:29:00","modified_gmt":"2026-02-05T19:29:00","slug":"montblanc-legend","status":"publish","type":"product","link":"https:\/\/oscarparfums.ma\/index.php\/product\/montblanc-legend\/","title":{"rendered":"Montblanc Legend"},"content":{"rendered":"<div>Inspir\u00e9 des objets les plus embl\u00e9matiques de la maison, il est destin\u00e9 \u00e0 un homme charismatique, sensuel et inspirant. Contemporain, il s&rsquo;inscrit cependant dans un h\u00e9ritage de valeurs.<\/div>\n<div><\/div>\n<div>Le flacon a \u00e9t\u00e9 con\u00e7u par le studio de cr\u00e9ation Montblanc et reprend tous les codes c\u00e9l\u00e8bres de la marque : un noir profond, un argent \u00e9l\u00e9gant, et l&rsquo;\u00e9toile symbolique.<\/div>\n<div><\/div>\n<div>La note foug\u00e8re aromatique est compos\u00e9e de notes lavand\u00e9es et citrus en t\u00eate, elle magn\u00e9tise par son c\u0153ur floral de jasmin et de rose et se conclut par un accord mousse de ch\u00eane qui r\u00e9v\u00e8le un sillage puissant empreint de charisme et de myst\u00e8re.<\/div>\n<div><\/div>\n<div>Montblanc rend hommage \u00e0 la gr\u00e2ce l\u00e9gendaire et au charisme de Zin\u00e9dine Zidane, cette ic\u00f4ne du monde sportif souvent qualifi\u00e9e de l\u00e9gende.<\/div>\n<div>Plus que son parcours qu\u2019il n\u2019a peut-\u00eatre pas choisi d\u00e9lib\u00e9r\u00e9ment, c\u2019est surtout sa passion, son talent et sa d\u00e9termination qui lui ont valu ce titre.<\/div>\n<div><\/div>\n<div>Legend, la ligne de parfums phare de Montblanc, fait \u00e9cho \u00e0 l\u2019\u00e9tat d\u2019esprit de ceux qui, loin de rechercher la gloire, cherchent plut\u00f4t \u00e0 laisser leur empreinte avec d\u00e9termination, conviction et passion, et \u00e9crivent leur propre l\u00e9gende tout au long de leur parcours.<\/div>\n","protected":false},"excerpt":{"rendered":"<p>Inspir\u00e9 des objets les plus embl\u00e9matiques de la maison, il est destin\u00e9 \u00e0 un homme charismatique, sensuel et inspirant. Contemporain,<\/p>\n","protected":false},"featured_media":27370,"comment_status":"open","ping_status":"closed","template":"","meta":[],"product_brand":[167],"product_cat":[126],"product_tag":[168],"class_list":{"0":"post-27368","1":"product","2":"type-product","3":"status-publish","4":"has-post-thumbnail","6":"product_brand-montblanc","7":"product_cat-hommes","8":"product_tag-montblanc","10":"first","11":"instock","12":"shipping-taxable","13":"purchasable","14":"product-type-simple"},"aioseo_notices":[],"jetpack_sharing_enabled":true,"_links":{"self":[{"href":"https:\/\/oscarparfums.ma\/index.php\/wp-json\/wp\/v2\/product\/27368","targetHints":{"allow":["GET"]}}],"collection":[{"href":"https:\/\/oscarparfums.ma\/index.php\/wp-json\/wp\/v2\/product"}],"about":[{"href":"https:\/\/oscarparfums.ma\/index.php\/wp-json\/wp\/v2\/types\/product"}],"replies":[{"embeddable":true,"href":"https:\/\/oscarparfums.ma\/index.php\/wp-json\/wp\/v2\/comments?post=27368"}],"version-history":[{"count":1,"href":"https:\/\/oscarparfums.ma\/index.php\/wp-json\/wp\/v2\/product\/27368\/revisions"}],"predecessor-version":[{"id":27374,"href":"https:\/\/oscarparfums.ma\/index.php\/wp-json\/wp\/v2\/product\/27368\/revisions\/27374"}],"wp:featuredmedia":[{"embeddable":true,"href":"https:\/\/oscarparfums.ma\/index.php\/wp-json\/wp\/v2\/media\/27370"}],"wp:attachment":[{"href":"https:\/\/oscarparfums.ma\/index.php\/wp-json\/wp\/v2\/media?parent=27368"}],"wp:term":[{"taxonomy":"product_brand","embeddable":true,"href":"https:\/\/oscarparfums.ma\/index.php\/wp-json\/wp\/v2\/product_brand?post=27368"},{"taxonomy":"product_cat","embeddable":true,"href":"https:\/\/oscarparfums.ma\/index.php\/wp-json\/wp\/v2\/product_cat?post=27368"},{"taxonomy":"product_tag","embeddable":true,"href":"https:\/\/oscarparfums.ma\/index.php\/wp-json\/wp\/v2\/product_tag?post=27368"}],"curies":[{"name":"wp","href":"https:\/\/api.w.org\/{rel}","templated":true}]}}