{"id":27375,"date":"2025-10-30T16:07:44","date_gmt":"2025-10-30T16:07:44","guid":{"rendered":"https:\/\/oscarparfums.ma\/?post_type=product&#038;p=27375"},"modified":"2026-02-05T19:29:10","modified_gmt":"2026-02-05T19:29:10","slug":"givenchy-gentleman","status":"publish","type":"product","link":"https:\/\/oscarparfums.ma\/index.php\/product\/givenchy-gentleman\/","title":{"rendered":"Givenchy\u00a0Gentleman"},"content":{"rendered":"<p>e bois br\u00fblant enveloppe l\u2019iris sophistiqu\u00e9 pour r\u00e9v\u00e9ler une fragrance empreinte de sensualit\u00e9. Expression de la dualit\u00e9 inattendue entre la passion intense et la s\u00e9duction en douceur, Givenchy Gentleman Eau de Parfum Bois\u00e9e pour homme est une fragrance intemporelle pour les gentlemen au charme incandescent.<\/p>\n<p>R\u00e9v\u00e9lant des notes de poivre noir et de coriandre, Givenchy Gentleman Eau de Parfum Bois\u00e9e s\u2019ouvre par des notes de t\u00eate irr\u00e9sistiblement \u00e9pic\u00e9es. Le c\u0153ur bois\u00e9-floral compos\u00e9 d\u2019iris \u00e9l\u00e9gant et de bois de c\u00e8dre raffin\u00e9 fond pour donner naissance \u00e0 un cacao riche et onctueux. Le fond oriental compos\u00e9 de bois de santal s\u00e9duisant et de patchouli d\u2019Indon\u00e9sie cr\u00e9e un sillage d\u2019abandon \u00e9l\u00e9gant dans ce parfum pour homme sophistiqu\u00e9.<\/p>\n","protected":false},"excerpt":{"rendered":"<p>e bois br\u00fblant enveloppe l\u2019iris sophistiqu\u00e9 pour r\u00e9v\u00e9ler une fragrance empreinte de sensualit\u00e9. Expression de la dualit\u00e9 inattendue entre la<\/p>\n","protected":false},"featured_media":27377,"comment_status":"open","ping_status":"closed","template":"","meta":[],"product_brand":[170],"product_cat":[126],"product_tag":[171],"class_list":{"0":"post-27375","1":"product","2":"type-product","3":"status-publish","4":"has-post-thumbnail","6":"product_brand-givenchy","7":"product_cat-hommes","8":"product_tag-givenchy","10":"first","11":"instock","12":"shipping-taxable","13":"purchasable","14":"product-type-simple"},"aioseo_notices":[],"jetpack_sharing_enabled":true,"_links":{"self":[{"href":"https:\/\/oscarparfums.ma\/index.php\/wp-json\/wp\/v2\/product\/27375","targetHints":{"allow":["GET"]}}],"collection":[{"href":"https:\/\/oscarparfums.ma\/index.php\/wp-json\/wp\/v2\/product"}],"about":[{"href":"https:\/\/oscarparfums.ma\/index.php\/wp-json\/wp\/v2\/types\/product"}],"replies":[{"embeddable":true,"href":"https:\/\/oscarparfums.ma\/index.php\/wp-json\/wp\/v2\/comments?post=27375"}],"version-history":[{"count":1,"href":"https:\/\/oscarparfums.ma\/index.php\/wp-json\/wp\/v2\/product\/27375\/revisions"}],"predecessor-version":[{"id":27381,"href":"https:\/\/oscarparfums.ma\/index.php\/wp-json\/wp\/v2\/product\/27375\/revisions\/27381"}],"wp:featuredmedia":[{"embeddable":true,"href":"https:\/\/oscarparfums.ma\/index.php\/wp-json\/wp\/v2\/media\/27377"}],"wp:attachment":[{"href":"https:\/\/oscarparfums.ma\/index.php\/wp-json\/wp\/v2\/media?parent=27375"}],"wp:term":[{"taxonomy":"product_brand","embeddable":true,"href":"https:\/\/oscarparfums.ma\/index.php\/wp-json\/wp\/v2\/product_brand?post=27375"},{"taxonomy":"product_cat","embeddable":true,"href":"https:\/\/oscarparfums.ma\/index.php\/wp-json\/wp\/v2\/product_cat?post=27375"},{"taxonomy":"product_tag","embeddable":true,"href":"https:\/\/oscarparfums.ma\/index.php\/wp-json\/wp\/v2\/product_tag?post=27375"}],"curies":[{"name":"wp","href":"https:\/\/api.w.org\/{rel}","templated":true}]}}