{"id":27386,"date":"2025-10-30T16:10:22","date_gmt":"2025-10-30T16:10:22","guid":{"rendered":"https:\/\/oscarparfums.ma\/?post_type=product&#038;p=27386"},"modified":"2026-02-05T19:33:35","modified_gmt":"2026-02-05T19:33:35","slug":"stronger-with-you-absolutely","status":"publish","type":"product","link":"https:\/\/oscarparfums.ma\/index.php\/product\/stronger-with-you-absolutely\/","title":{"rendered":"Stronger with You Absolutely"},"content":{"rendered":"<p>Embl\u00e8me de l&rsquo;amour absolu, Stronger With You Absolutely est une fragrance ambr\u00e9e orientale foug\u00e8re pour homme, irr\u00e9sistiblement liquoreuse, sensuelle et addictive qui a le pouvoir de ne rien mettre hors de port\u00e9e.<\/p>\n<p>La signature marron glac\u00e9, iconique et in\u00e9dite, est intensifi\u00e9e par un nouvel accord rhum des plus addictifs. La lavande, sourc\u00e9e en France de mani\u00e8re responsable, d\u00e9voile un charme intens\u00e9ment aromatique. L&rsquo;extrait de vanille de Madagascar et le patchouli s&rsquo;associent \u00e0 ces notes et lui conf\u00e8rent un sillage ambr\u00e9 sensuel et \u00e9l\u00e9gant.<\/p>\n<p>Le laquage fum\u00e9 du flacon, noir obscur \u00e0 la base, r\u00e9v\u00e8le l&rsquo;intensit\u00e9 et l&rsquo;addiction de ce parfum, magnifi\u00e9 par une teinte liqueur de cognac ambr\u00e9.<\/p>\n<p>Ce parfum est \u00e0 l&rsquo;image d&rsquo;une relation amoureuse passionn\u00e9e et fougueuse : une romance qui t\u00e9moigne d&rsquo;une attraction intense et indescriptible, un amour si puissant qui rend invincible.<\/p>\n","protected":false},"excerpt":{"rendered":"<p>Embl\u00e8me de l&rsquo;amour absolu, Stronger With You Absolutely est une fragrance ambr\u00e9e orientale foug\u00e8re pour homme, irr\u00e9sistiblement liquoreuse, sensuelle et<\/p>\n","protected":false},"featured_media":27387,"comment_status":"open","ping_status":"closed","template":"","meta":[],"product_brand":[140],"product_cat":[126],"product_tag":[],"class_list":{"0":"post-27386","1":"product","2":"type-product","3":"status-publish","4":"has-post-thumbnail","6":"product_brand-giorgio-armani","7":"product_cat-hommes","9":"first","10":"instock","11":"shipping-taxable","12":"purchasable","13":"product-type-simple"},"aioseo_notices":[],"jetpack_sharing_enabled":true,"_links":{"self":[{"href":"https:\/\/oscarparfums.ma\/index.php\/wp-json\/wp\/v2\/product\/27386","targetHints":{"allow":["GET"]}}],"collection":[{"href":"https:\/\/oscarparfums.ma\/index.php\/wp-json\/wp\/v2\/product"}],"about":[{"href":"https:\/\/oscarparfums.ma\/index.php\/wp-json\/wp\/v2\/types\/product"}],"replies":[{"embeddable":true,"href":"https:\/\/oscarparfums.ma\/index.php\/wp-json\/wp\/v2\/comments?post=27386"}],"version-history":[{"count":1,"href":"https:\/\/oscarparfums.ma\/index.php\/wp-json\/wp\/v2\/product\/27386\/revisions"}],"predecessor-version":[{"id":27389,"href":"https:\/\/oscarparfums.ma\/index.php\/wp-json\/wp\/v2\/product\/27386\/revisions\/27389"}],"wp:featuredmedia":[{"embeddable":true,"href":"https:\/\/oscarparfums.ma\/index.php\/wp-json\/wp\/v2\/media\/27387"}],"wp:attachment":[{"href":"https:\/\/oscarparfums.ma\/index.php\/wp-json\/wp\/v2\/media?parent=27386"}],"wp:term":[{"taxonomy":"product_brand","embeddable":true,"href":"https:\/\/oscarparfums.ma\/index.php\/wp-json\/wp\/v2\/product_brand?post=27386"},{"taxonomy":"product_cat","embeddable":true,"href":"https:\/\/oscarparfums.ma\/index.php\/wp-json\/wp\/v2\/product_cat?post=27386"},{"taxonomy":"product_tag","embeddable":true,"href":"https:\/\/oscarparfums.ma\/index.php\/wp-json\/wp\/v2\/product_tag?post=27386"}],"curies":[{"name":"wp","href":"https:\/\/api.w.org\/{rel}","templated":true}]}}