{"id":27390,"date":"2025-10-30T16:15:03","date_gmt":"2025-10-30T16:15:03","guid":{"rendered":"https:\/\/oscarparfums.ma\/?post_type=product&#038;p=27390"},"modified":"2026-02-05T19:33:25","modified_gmt":"2026-02-05T19:33:25","slug":"stronger-with-you-amber","status":"publish","type":"product","link":"https:\/\/oscarparfums.ma\/index.php\/product\/stronger-with-you-amber\/","title":{"rendered":"Stronger with You Amber"},"content":{"rendered":"<p>D\u00e9couvrez Stronger With You Amber, la facette ambr\u00e9e de la collection STRONGER WITH YOU. Cette eau de parfum est une foug\u00e8re ambr\u00e9e, un sillage addictif inspir\u00e9 des \u00e9clats de la l\u00e9gendaire pierre d&rsquo;ambre. La fragrance de STRONGER WITH YOU AMBER m\u00eale un accord ambr\u00e9 \u00e0 des notes de t\u00eate de lavande fra\u00eeche, la vanille en note de coeur apporte toute son addiction \u00e0 la signature.<\/p>\n<p>Le parfum s&rsquo;ouvre sur une note de lavande, une facette florale et pure qui apporte une touche de fra\u00eecheur \u00e0 la signature Stronger with you. Cette lavande, est issue d&rsquo;une fili\u00e8re durable de Provence. Au c\u0153ur, un accord ambr\u00e9, aux notes \u00e9pic\u00e9es, conf\u00e8re \u00e0 la fragrance toute son addiction. Les \u00e9pices chaudes sont rehauss\u00e9es par la fra\u00eecheur citronn\u00e9e de l&rsquo;essence de mandarine. La vanille bourbon premium infuse la fragrance d&rsquo;un caract\u00e8re gourmand et floral.<\/p>\n<p>Le parfum est encapsul\u00e9 dans un flacon raffin\u00e9, intens\u00e9ment lumineux, inspir\u00e9 par l&rsquo;\u00e9clat de la pierre d&rsquo;ambre.<\/p>\n","protected":false},"excerpt":{"rendered":"<p>D\u00e9couvrez Stronger With You Amber, la facette ambr\u00e9e de la collection STRONGER WITH YOU. Cette eau de parfum est une<\/p>\n","protected":false},"featured_media":27392,"comment_status":"open","ping_status":"closed","template":"","meta":[],"product_brand":[140],"product_cat":[126],"product_tag":[],"class_list":{"0":"post-27390","1":"product","2":"type-product","3":"status-publish","4":"has-post-thumbnail","6":"product_brand-giorgio-armani","7":"product_cat-hommes","9":"first","10":"instock","11":"shipping-taxable","12":"purchasable","13":"product-type-simple"},"aioseo_notices":[],"jetpack_sharing_enabled":true,"_links":{"self":[{"href":"https:\/\/oscarparfums.ma\/index.php\/wp-json\/wp\/v2\/product\/27390","targetHints":{"allow":["GET"]}}],"collection":[{"href":"https:\/\/oscarparfums.ma\/index.php\/wp-json\/wp\/v2\/product"}],"about":[{"href":"https:\/\/oscarparfums.ma\/index.php\/wp-json\/wp\/v2\/types\/product"}],"replies":[{"embeddable":true,"href":"https:\/\/oscarparfums.ma\/index.php\/wp-json\/wp\/v2\/comments?post=27390"}],"version-history":[{"count":1,"href":"https:\/\/oscarparfums.ma\/index.php\/wp-json\/wp\/v2\/product\/27390\/revisions"}],"predecessor-version":[{"id":27394,"href":"https:\/\/oscarparfums.ma\/index.php\/wp-json\/wp\/v2\/product\/27390\/revisions\/27394"}],"wp:featuredmedia":[{"embeddable":true,"href":"https:\/\/oscarparfums.ma\/index.php\/wp-json\/wp\/v2\/media\/27392"}],"wp:attachment":[{"href":"https:\/\/oscarparfums.ma\/index.php\/wp-json\/wp\/v2\/media?parent=27390"}],"wp:term":[{"taxonomy":"product_brand","embeddable":true,"href":"https:\/\/oscarparfums.ma\/index.php\/wp-json\/wp\/v2\/product_brand?post=27390"},{"taxonomy":"product_cat","embeddable":true,"href":"https:\/\/oscarparfums.ma\/index.php\/wp-json\/wp\/v2\/product_cat?post=27390"},{"taxonomy":"product_tag","embeddable":true,"href":"https:\/\/oscarparfums.ma\/index.php\/wp-json\/wp\/v2\/product_tag?post=27390"}],"curies":[{"name":"wp","href":"https:\/\/api.w.org\/{rel}","templated":true}]}}