{"id":27421,"date":"2025-10-31T08:21:45","date_gmt":"2025-10-31T08:21:45","guid":{"rendered":"https:\/\/oscarparfums.ma\/?post_type=product&#038;p=27421"},"modified":"2026-02-05T19:33:15","modified_gmt":"2026-02-05T19:33:15","slug":"baccarat-rouge-540","status":"publish","type":"product","link":"https:\/\/oscarparfums.ma\/index.php\/product\/baccarat-rouge-540\/","title":{"rendered":"Baccarat Rouge 540"},"content":{"rendered":"<p>L&rsquo;extrait de parfum Baccarat Rouge 540 est un parfum floral qui intensifie la puissance et l\u2019\u00e9clat des trois souffles qui composent l\u2019Eau de parfum sans trahir l\u2019inspiration d\u2019origine. N\u00e9 de la ma\u00eetrise du parfumeur et de la sagesse du temps, cet extrait de parfum ambr\u00e9 et bois\u00e9 est, pour Francis Kurkdjian, un aboutissement ultime. En note de t\u00eate, les fleurs de jasmin Grandiflorum viennent appuyer d\u00e9licatement le souffle du savoir-faire. Le souffle du feu est compl\u00e9t\u00e9 par les facettes poudr\u00e9es et gourmandes de l\u2019amande am\u00e8re. Enfin, le souffle min\u00e9ral construit autour de l\u2019ambre gris s\u2019adoucit au contact d\u2019un accord bois\u00e9 et musqu\u00e9. D\u00e9cuplant l\u2019intensit\u00e9 de l\u2019Extrait de parfum, le flacon joue \u00e9galement avec la lumi\u00e8re. Son esth\u00e9tique se pare d\u2019un habit rouge \u00e9clatant rappelant la couleur iconique du rouge Baccarat. L&rsquo;extrait de parfum Baccarat Rouge 540 Maison Francis Kurkdjian incarne la profusion et la fusion des \u00e9l\u00e9ments que seul l\u2019art du parfumeur et la sagesse du temps savent apprivoiser. Notes olfactives : Florales ambr\u00e9es bois\u00e9es<\/p>\n","protected":false},"excerpt":{"rendered":"<p>L&rsquo;extrait de parfum Baccarat Rouge 540 est un parfum floral qui intensifie la puissance et l\u2019\u00e9clat des trois souffles qui<\/p>\n","protected":false},"featured_media":27423,"comment_status":"open","ping_status":"closed","template":"","meta":[],"product_brand":[173],"product_cat":[175],"product_tag":[174],"class_list":{"0":"post-27421","1":"product","2":"type-product","3":"status-publish","4":"has-post-thumbnail","6":"product_brand-maison-francis-kurkdjian","7":"product_cat-femmes","8":"product_tag-maison-francis-kurkdjian","10":"first","11":"instock","12":"shipping-taxable","13":"purchasable","14":"product-type-simple"},"aioseo_notices":[],"jetpack_sharing_enabled":true,"_links":{"self":[{"href":"https:\/\/oscarparfums.ma\/index.php\/wp-json\/wp\/v2\/product\/27421","targetHints":{"allow":["GET"]}}],"collection":[{"href":"https:\/\/oscarparfums.ma\/index.php\/wp-json\/wp\/v2\/product"}],"about":[{"href":"https:\/\/oscarparfums.ma\/index.php\/wp-json\/wp\/v2\/types\/product"}],"replies":[{"embeddable":true,"href":"https:\/\/oscarparfums.ma\/index.php\/wp-json\/wp\/v2\/comments?post=27421"}],"version-history":[{"count":1,"href":"https:\/\/oscarparfums.ma\/index.php\/wp-json\/wp\/v2\/product\/27421\/revisions"}],"predecessor-version":[{"id":27427,"href":"https:\/\/oscarparfums.ma\/index.php\/wp-json\/wp\/v2\/product\/27421\/revisions\/27427"}],"wp:featuredmedia":[{"embeddable":true,"href":"https:\/\/oscarparfums.ma\/index.php\/wp-json\/wp\/v2\/media\/27423"}],"wp:attachment":[{"href":"https:\/\/oscarparfums.ma\/index.php\/wp-json\/wp\/v2\/media?parent=27421"}],"wp:term":[{"taxonomy":"product_brand","embeddable":true,"href":"https:\/\/oscarparfums.ma\/index.php\/wp-json\/wp\/v2\/product_brand?post=27421"},{"taxonomy":"product_cat","embeddable":true,"href":"https:\/\/oscarparfums.ma\/index.php\/wp-json\/wp\/v2\/product_cat?post=27421"},{"taxonomy":"product_tag","embeddable":true,"href":"https:\/\/oscarparfums.ma\/index.php\/wp-json\/wp\/v2\/product_tag?post=27421"}],"curies":[{"name":"wp","href":"https:\/\/api.w.org\/{rel}","templated":true}]}}