{"id":27429,"date":"2025-10-31T10:18:38","date_gmt":"2025-10-31T10:18:38","guid":{"rendered":"https:\/\/oscarparfums.ma\/?post_type=product&#038;p=27429"},"modified":"2026-02-05T19:33:03","modified_gmt":"2026-02-05T19:33:03","slug":"my-way-eau-de-parfum","status":"publish","type":"product","link":"https:\/\/oscarparfums.ma\/index.php\/product\/my-way-eau-de-parfum\/","title":{"rendered":"My Way Eau de Parfum"},"content":{"rendered":"<p>Ce nouveau parfum pour femme longue tenue allie des ingr\u00e9dients r\u00e9colt\u00e9s avec soin aux quatre coins du monde. Cette eau de parfum longue tenue est un bouquet de fleurs blanches lumineux qui symbolise la rencontre de mati\u00e8res premi\u00e8res r\u00e9colt\u00e9es aux quatre coins du monde. En note de t\u00eate, une fleur d\u2019oranger d\u2019Egypte infus\u00e9e de bergamote de Calabre, fusionne, en c\u0153ur, avec une tub\u00e9reuse et un jasmin. En notes de fond, l\u2019\u00e9l\u00e9gance du bois de c\u00e8dre de Virginie rencontre la vanille de Madagascar et le musc blanc.<\/p>\n<p><strong>HISTOIRE DU PRODUIT<\/strong><\/p>\n<p>D\u00e9couvrez My Way, le nouveau parfum f\u00e9minin de Giorgio Armani. My Way, l&rsquo;eau de parfum rechargeable pour femme de Giorgio Armani, est une v\u00e9ritable invitation \u00e0 s&rsquo;ouvrir \u00e0 de nouvelles rencontres, vivre des exp\u00e9riences uniques et \u00e9largir ses horizons. My Way, l&rsquo;eau de parfum rechargeable pour femme Giorgio Armani, propose aux femmes un mod\u00e8le de f\u00e9minit\u00e9 naturelle et authentique. S\u2019ouvrir \u00e0 de nouvelles rencontres et vivre des exp\u00e9riences uniques leur permettent de d\u00e9couvrir v\u00e9ritablement qui elles sont.<\/p>\n<p><strong>FLACON<\/strong><\/p>\n<p>Un flacon \u00e9l\u00e9gant et intemporel qui encapsule le monde. Cette pierre bleue, tel un talisman puissant, est une m\u00e9taphore de la plan\u00e8te. Le luxueux anneau dor\u00e9, sign\u00e9 Giorgio Armani, symbolise le chemin unique \u00e0 travers le monde. Le ruban bleu fait hommage \u00e0 l\u2019univers couture cher \u00e0 Monsieur Armani. Ce parfum pour femme s\u2019inscrit dans une d\u00e9marche \u00e9co-responsable : tous les formats sont rechargeables.<\/p>\n<p><strong>OLFACTION<\/strong><\/p>\n<p>Cette eau de parfum longue tenue est un bouquet de fleurs blanches lumineux qui symbolise la rencontre de mati\u00e8res premi\u00e8res r\u00e9colt\u00e9es aux quatre coins du monde. En note de t\u00eate, une fleur d\u2019oranger d\u2019Egypte infus\u00e9e de bergamote de Calabre, fusionne, en c\u0153ur, avec une tub\u00e9reuse et un jasmin. En notes de fond, l\u2019\u00e9l\u00e9gance du bois de c\u00e8dre de Virginie rencontre la vanille de Madagascar et le musc blanc.<\/p>\n<p><strong>NOTES<\/strong><\/p>\n<p>My Way allie des ingr\u00e9dients r\u00e9colt\u00e9s de mani\u00e8re responsable aux quatre coins du monde. BERGAMOTE DE CALABRE ET FLEUR D&rsquo;ORANGER D&rsquo;\u00c9GYPTE Le parfum s&rsquo;ouvre sur une note p\u00e9tillante. Extraite d&rsquo;oranges am\u00e8res cueillies \u00e0 la main en \u00c9gypte, la note de fleur d&rsquo;oranger est obtenue par enfleurage, un processus d&rsquo;extraction 100 % naturel. TUB\u00c9REUSE ET JASMIN D&rsquo;INDE Le c\u0153ur floral intense du parfum offre une interpr\u00e9tation contemporaine de ces fleurs embl\u00e9matiques. La tub\u00e9reuse d&rsquo;Inde est cueillie \u00e0 la main pr\u00e8s de Mysore, dans l&rsquo;\u00e9tat du Karnataka. BOIS DE C\u00c8DRE DE VIRGINIE, VANILLE DE MADAGASCAR ET MUSC BLANC La base chaude et enveloppante de la composition. La vanille est produite dans le cadre d&rsquo;un programme durable et responsable visant \u00e0 soutenir les communaut\u00e9s locales de Madagascar.<\/p>\n<p>&nbsp;<\/p>\n<p>&nbsp;<\/p>\n<p>Appliquez sur les points de pulsation : le poignet, l&rsquo;int\u00e9rieur du coude et le cou.<\/p>\n","protected":false},"excerpt":{"rendered":"<p>Ce nouveau parfum pour femme longue tenue allie des ingr\u00e9dients r\u00e9colt\u00e9s avec soin aux quatre coins du monde. Cette eau<\/p>\n","protected":false},"featured_media":27430,"comment_status":"open","ping_status":"closed","template":"","meta":[],"product_brand":[140],"product_cat":[175],"product_tag":[],"class_list":{"0":"post-27429","1":"product","2":"type-product","3":"status-publish","4":"has-post-thumbnail","6":"product_brand-giorgio-armani","7":"product_cat-femmes","9":"first","10":"instock","11":"shipping-taxable","12":"purchasable","13":"product-type-simple"},"aioseo_notices":[],"jetpack_sharing_enabled":true,"_links":{"self":[{"href":"https:\/\/oscarparfums.ma\/index.php\/wp-json\/wp\/v2\/product\/27429","targetHints":{"allow":["GET"]}}],"collection":[{"href":"https:\/\/oscarparfums.ma\/index.php\/wp-json\/wp\/v2\/product"}],"about":[{"href":"https:\/\/oscarparfums.ma\/index.php\/wp-json\/wp\/v2\/types\/product"}],"replies":[{"embeddable":true,"href":"https:\/\/oscarparfums.ma\/index.php\/wp-json\/wp\/v2\/comments?post=27429"}],"version-history":[{"count":1,"href":"https:\/\/oscarparfums.ma\/index.php\/wp-json\/wp\/v2\/product\/27429\/revisions"}],"predecessor-version":[{"id":27440,"href":"https:\/\/oscarparfums.ma\/index.php\/wp-json\/wp\/v2\/product\/27429\/revisions\/27440"}],"wp:featuredmedia":[{"embeddable":true,"href":"https:\/\/oscarparfums.ma\/index.php\/wp-json\/wp\/v2\/media\/27430"}],"wp:attachment":[{"href":"https:\/\/oscarparfums.ma\/index.php\/wp-json\/wp\/v2\/media?parent=27429"}],"wp:term":[{"taxonomy":"product_brand","embeddable":true,"href":"https:\/\/oscarparfums.ma\/index.php\/wp-json\/wp\/v2\/product_brand?post=27429"},{"taxonomy":"product_cat","embeddable":true,"href":"https:\/\/oscarparfums.ma\/index.php\/wp-json\/wp\/v2\/product_cat?post=27429"},{"taxonomy":"product_tag","embeddable":true,"href":"https:\/\/oscarparfums.ma\/index.php\/wp-json\/wp\/v2\/product_tag?post=27429"}],"curies":[{"name":"wp","href":"https:\/\/api.w.org\/{rel}","templated":true}]}}