{"id":27441,"date":"2025-10-31T10:25:01","date_gmt":"2025-10-31T10:25:01","guid":{"rendered":"https:\/\/oscarparfums.ma\/?post_type=product&#038;p=27441"},"modified":"2026-02-05T19:32:54","modified_gmt":"2026-02-05T19:32:54","slug":"la-vie-est-belle-lancome","status":"publish","type":"product","link":"https:\/\/oscarparfums.ma\/index.php\/product\/la-vie-est-belle-lancome\/","title":{"rendered":"La Vie est Belle \u2013 Lanc\u00f4me"},"content":{"rendered":"<p>ET SI LE BONHEUR COMMEN\u00c7AIT AVEC VOUS ?<br \/>\nQue se passerait-il si vous osiez partir \u00e0 la conqu\u00eate de votre propre bonheur ?<\/p>\n<p>Tout d\u00e9marre par un engagement envers soi-m\u00eame, celui d&rsquo;\u00e9couter son intuition et d&rsquo;avoir le courage de d\u00e9fier les attentes pour consid\u00e9rer son propre bonheur comme une priorit\u00e9 et suivre ce qui compte le plus pour soi.<\/p>\n<p>Cette conviction a d\u00e9sormais un parfum : La Vie Est Belle L\u2019Elixir. La premi\u00e8re violette d\u00e9licieuse de Lanc\u00f4me.<\/p>\n<p>Plus qu&rsquo;un parfum, une profonde \u00e9motion. Un sillage inattendu n\u00e9 de la rencontre d&rsquo;une framboise liquoreuse et d&rsquo;un absolu de feuille de violette sublim\u00e9 par un absolu de beurre de cacao addictif.<\/p>\n<p>\u2713 FLORAL<\/p>\n<p>\u2713 FRUIT\u00c9<\/p>\n<p>\u2713 GOURMAND<\/p>\n<p>Ce jus unique, \u00e9voquant la libert\u00e9 que procure un acte radical d&rsquo;amour pour soi, est captur\u00e9 dans un nouveau flacon.<\/p>\n<p>L\u2019embl\u00e9matique sourire de La Vie Est Belle est d\u00e9sormais grav\u00e9 dans le verre tandis que la silhouette du flacon se redessine dans des lignes graphiques et \u00e9pur\u00e9es. Un v\u00e9ritable objet de d\u00e9sir capturant la f\u00e9minit\u00e9 contrast\u00e9e et audacieuse de L\u2019Elixir. Un nouvel \u00e9crin pr\u00e9cieux rechargeable \u00e0 l\u2019infini (recharge disponible d\u00e8s Novembre 2024), con\u00e7u pour durer.<\/p>\n<p>\u200bCE QUI LE REND DIFF\u00c9RENT<br \/>\nDeux ma\u00eetres parfumeurs fran\u00e7ais \u2013 Christophe Raynaud et Antoine Maisondieu ont r\u00e9invent\u00e9 le sillage du bonheur.<\/p>\n<p>Le r\u00e9sultat ?<\/p>\n<p>Un parfum captivant et exaltant qui diffuse \u00e9norm\u00e9ment et tient durablement sur la peau gr\u00e2ce aux ingr\u00e9dients les plus nobles.<\/p>\n<p>R\u00e9imagin\u00e9 par la c\u00e9l\u00e8bre artiste verrier Suzanne Dalton, ce nouveau flacon bijou t\u00e9moigne de la plus haute qualit\u00e9 artisanale. Pour la premi\u00e8re fois, le sourire embl\u00e9matique de La Vie Est Belle est grav\u00e9 dans le verre.<\/p>\n","protected":false},"excerpt":{"rendered":"<p>ET SI LE BONHEUR COMMEN\u00c7AIT AVEC VOUS ? Que se passerait-il si vous osiez partir \u00e0 la conqu\u00eate de votre<\/p>\n","protected":false},"featured_media":27442,"comment_status":"open","ping_status":"closed","template":"","meta":[],"product_brand":[],"product_cat":[175],"product_tag":[],"class_list":{"0":"post-27441","1":"product","2":"type-product","3":"status-publish","4":"has-post-thumbnail","6":"product_cat-femmes","8":"first","9":"instock","10":"shipping-taxable","11":"purchasable","12":"product-type-simple"},"aioseo_notices":[],"jetpack_sharing_enabled":true,"_links":{"self":[{"href":"https:\/\/oscarparfums.ma\/index.php\/wp-json\/wp\/v2\/product\/27441","targetHints":{"allow":["GET"]}}],"collection":[{"href":"https:\/\/oscarparfums.ma\/index.php\/wp-json\/wp\/v2\/product"}],"about":[{"href":"https:\/\/oscarparfums.ma\/index.php\/wp-json\/wp\/v2\/types\/product"}],"replies":[{"embeddable":true,"href":"https:\/\/oscarparfums.ma\/index.php\/wp-json\/wp\/v2\/comments?post=27441"}],"version-history":[{"count":1,"href":"https:\/\/oscarparfums.ma\/index.php\/wp-json\/wp\/v2\/product\/27441\/revisions"}],"predecessor-version":[{"id":27448,"href":"https:\/\/oscarparfums.ma\/index.php\/wp-json\/wp\/v2\/product\/27441\/revisions\/27448"}],"wp:featuredmedia":[{"embeddable":true,"href":"https:\/\/oscarparfums.ma\/index.php\/wp-json\/wp\/v2\/media\/27442"}],"wp:attachment":[{"href":"https:\/\/oscarparfums.ma\/index.php\/wp-json\/wp\/v2\/media?parent=27441"}],"wp:term":[{"taxonomy":"product_brand","embeddable":true,"href":"https:\/\/oscarparfums.ma\/index.php\/wp-json\/wp\/v2\/product_brand?post=27441"},{"taxonomy":"product_cat","embeddable":true,"href":"https:\/\/oscarparfums.ma\/index.php\/wp-json\/wp\/v2\/product_cat?post=27441"},{"taxonomy":"product_tag","embeddable":true,"href":"https:\/\/oscarparfums.ma\/index.php\/wp-json\/wp\/v2\/product_tag?post=27441"}],"curies":[{"name":"wp","href":"https:\/\/api.w.org\/{rel}","templated":true}]}}