{"id":27455,"date":"2025-10-31T10:28:50","date_gmt":"2025-10-31T10:28:50","guid":{"rendered":"https:\/\/oscarparfums.ma\/?post_type=product&#038;p=27455"},"modified":"2026-02-05T19:32:22","modified_gmt":"2026-02-05T19:32:22","slug":"jadore-dior","status":"publish","type":"product","link":"https:\/\/oscarparfums.ma\/index.php\/product\/jadore-dior\/","title":{"rendered":"J\u2019adore \u2013 Dior"},"content":{"rendered":"<p>J&rsquo;adore\u00a0 est une composition tourn\u00e9e vers la lumi\u00e8re. Le n\u00e9roli cultiv\u00e9 pr\u00e8s de Vallauris, fleur-lumi\u00e8re parmi les plus belles du terroir grassois, s&rsquo;invite au c\u0153ur du mythique bouquet floral de J&rsquo;adore.<\/p>\n<p>Fran\u00e7ois Demachy, Parfumeur-Cr\u00e9ateur de la Maison, ravive ainsi le souvenir intime des plantations d\u2019orangers amers de son enfance \u00e0 Grasse. \u00ab J\u2019adore Eau de toilette poss\u00e8de un temp\u00e9rament extraordinaire. Un c\u00f4t\u00e9 attractif et p\u00e9tillant. C\u2019est une explosion imm\u00e9diate, un plaisir sans d\u00e9tours. \u00bb<\/p>\n<p>Fran\u00e7ois Demachy, Parfumeur-Cr\u00e9ateur de la Maison Dior. J&rsquo;adore Eau de toilette r\u00e9unit des ingr\u00e9dients p\u00e9tillants et lumineux :<\/p>\n<p>L\u2019essence d\u2019orange sanguine, en note de t\u00eate, r\u00e9veille les sens.<br \/>\nLe n\u00e9roli, en note de c\u0153ur, est radieux et p\u00e9tillant comme le soleil de M\u00e9diterran\u00e9e.<br \/>\nLes notes d&rsquo;essence de rose damascena, sensuelles et lact\u00e9es, donnent du confort \u00e0 la composition. Le flacon amphore de J&rsquo;adore Eau de toilette s&rsquo;inspire de la silhouette en 8, f\u00e9minine et sensuelle, dessin\u00e9e par Christian Dior.<\/p>\n","protected":false},"excerpt":{"rendered":"<p>J&rsquo;adore\u00a0 est une composition tourn\u00e9e vers la lumi\u00e8re. Le n\u00e9roli cultiv\u00e9 pr\u00e8s de Vallauris, fleur-lumi\u00e8re parmi les plus belles du<\/p>\n","protected":false},"featured_media":27456,"comment_status":"open","ping_status":"closed","template":"","meta":[],"product_brand":[],"product_cat":[175],"product_tag":[],"class_list":{"0":"post-27455","1":"product","2":"type-product","3":"status-publish","4":"has-post-thumbnail","6":"product_cat-femmes","8":"first","9":"instock","10":"shipping-taxable","11":"purchasable","12":"product-type-simple"},"aioseo_notices":[],"jetpack_sharing_enabled":true,"_links":{"self":[{"href":"https:\/\/oscarparfums.ma\/index.php\/wp-json\/wp\/v2\/product\/27455","targetHints":{"allow":["GET"]}}],"collection":[{"href":"https:\/\/oscarparfums.ma\/index.php\/wp-json\/wp\/v2\/product"}],"about":[{"href":"https:\/\/oscarparfums.ma\/index.php\/wp-json\/wp\/v2\/types\/product"}],"replies":[{"embeddable":true,"href":"https:\/\/oscarparfums.ma\/index.php\/wp-json\/wp\/v2\/comments?post=27455"}],"version-history":[{"count":1,"href":"https:\/\/oscarparfums.ma\/index.php\/wp-json\/wp\/v2\/product\/27455\/revisions"}],"predecessor-version":[{"id":27457,"href":"https:\/\/oscarparfums.ma\/index.php\/wp-json\/wp\/v2\/product\/27455\/revisions\/27457"}],"wp:featuredmedia":[{"embeddable":true,"href":"https:\/\/oscarparfums.ma\/index.php\/wp-json\/wp\/v2\/media\/27456"}],"wp:attachment":[{"href":"https:\/\/oscarparfums.ma\/index.php\/wp-json\/wp\/v2\/media?parent=27455"}],"wp:term":[{"taxonomy":"product_brand","embeddable":true,"href":"https:\/\/oscarparfums.ma\/index.php\/wp-json\/wp\/v2\/product_brand?post=27455"},{"taxonomy":"product_cat","embeddable":true,"href":"https:\/\/oscarparfums.ma\/index.php\/wp-json\/wp\/v2\/product_cat?post=27455"},{"taxonomy":"product_tag","embeddable":true,"href":"https:\/\/oscarparfums.ma\/index.php\/wp-json\/wp\/v2\/product_tag?post=27455"}],"curies":[{"name":"wp","href":"https:\/\/api.w.org\/{rel}","templated":true}]}}