{"id":27458,"date":"2025-10-31T10:32:11","date_gmt":"2025-10-31T10:32:11","guid":{"rendered":"https:\/\/oscarparfums.ma\/?post_type=product&#038;p=27458"},"modified":"2026-02-05T19:32:12","modified_gmt":"2026-02-05T19:32:12","slug":"libre-yves-saint-laurent","status":"publish","type":"product","link":"https:\/\/oscarparfums.ma\/index.php\/product\/libre-yves-saint-laurent\/","title":{"rendered":"Libre \u2013 Yves Saint Laurent"},"content":{"rendered":"<p>Libre Le Parfum, la nouvelle intensit\u00e9 par Yves Saint Laurent.<br \/>\nUne r\u00e9interpr\u00e9tation \u00e9pic\u00e9e de la lavande florale originelle et iconique.<br \/>\nPour une femme \u00e0 la libert\u00e9 assum\u00e9e, pr\u00eate \u00e0 tout vivre dans l&rsquo;exc\u00e8s.<\/p>\n<p><strong>L&rsquo;HISTOIRE<\/strong><br \/>\nLa femme Libre conquiert la libert\u00e9 dans sa version la plus spectaculaire : la libert\u00e9 de tout vivre, sans attendre.<br \/>\nIntr\u00e9pide, elle irradie le d\u00e9cor sur son passage de sa confiance et de son charisme \u00e0 toute \u00e9preuve.<br \/>\nElle ne fait qu&rsquo;un avec cette libert\u00e9 br\u00fblante. Sans compromis. Sans limite.<\/p>\n<p>LIBRE, un parfum comme un cri de libert\u00e9.<br \/>\nLa libert\u00e9 n&rsquo;attend pas, vous non plus.<\/p>\n<p><strong>LE FLACON<\/strong><br \/>\nL&rsquo;iconique flacon-bijoux du parfum Libre se pare d&rsquo;un jus flamboyant, plus incandescent que jamais.<\/p>\n<p>Une silhouette g\u00e9om\u00e9trique \u00e9pur\u00e9e telle un smoking.<br \/>\nDes cha\u00eenes or et un capot noir laqu\u00e9 asym\u00e9trique.<br \/>\nUn Cassandre oversized, logo iconique de la marque, qui casse les codes.<\/p>\n<p>Un flacon couture qui refl\u00e8te la tension du parfum entre le masculin et le f\u00e9minin.<\/p>\n","protected":false},"excerpt":{"rendered":"<p>Libre Le Parfum, la nouvelle intensit\u00e9 par Yves Saint Laurent. Une r\u00e9interpr\u00e9tation \u00e9pic\u00e9e de la lavande florale originelle et iconique.<\/p>\n","protected":false},"featured_media":27459,"comment_status":"open","ping_status":"closed","template":"","meta":[],"product_brand":[],"product_cat":[175],"product_tag":[],"class_list":{"0":"post-27458","1":"product","2":"type-product","3":"status-publish","4":"has-post-thumbnail","6":"product_cat-femmes","8":"first","9":"instock","10":"shipping-taxable","11":"purchasable","12":"product-type-simple"},"aioseo_notices":[],"jetpack_sharing_enabled":true,"_links":{"self":[{"href":"https:\/\/oscarparfums.ma\/index.php\/wp-json\/wp\/v2\/product\/27458","targetHints":{"allow":["GET"]}}],"collection":[{"href":"https:\/\/oscarparfums.ma\/index.php\/wp-json\/wp\/v2\/product"}],"about":[{"href":"https:\/\/oscarparfums.ma\/index.php\/wp-json\/wp\/v2\/types\/product"}],"replies":[{"embeddable":true,"href":"https:\/\/oscarparfums.ma\/index.php\/wp-json\/wp\/v2\/comments?post=27458"}],"version-history":[{"count":1,"href":"https:\/\/oscarparfums.ma\/index.php\/wp-json\/wp\/v2\/product\/27458\/revisions"}],"predecessor-version":[{"id":27463,"href":"https:\/\/oscarparfums.ma\/index.php\/wp-json\/wp\/v2\/product\/27458\/revisions\/27463"}],"wp:featuredmedia":[{"embeddable":true,"href":"https:\/\/oscarparfums.ma\/index.php\/wp-json\/wp\/v2\/media\/27459"}],"wp:attachment":[{"href":"https:\/\/oscarparfums.ma\/index.php\/wp-json\/wp\/v2\/media?parent=27458"}],"wp:term":[{"taxonomy":"product_brand","embeddable":true,"href":"https:\/\/oscarparfums.ma\/index.php\/wp-json\/wp\/v2\/product_brand?post=27458"},{"taxonomy":"product_cat","embeddable":true,"href":"https:\/\/oscarparfums.ma\/index.php\/wp-json\/wp\/v2\/product_cat?post=27458"},{"taxonomy":"product_tag","embeddable":true,"href":"https:\/\/oscarparfums.ma\/index.php\/wp-json\/wp\/v2\/product_tag?post=27458"}],"curies":[{"name":"wp","href":"https:\/\/api.w.org\/{rel}","templated":true}]}}