{"id":27464,"date":"2025-10-31T10:36:43","date_gmt":"2025-10-31T10:36:43","guid":{"rendered":"https:\/\/oscarparfums.ma\/?post_type=product&#038;p=27464"},"modified":"2026-02-05T19:31:53","modified_gmt":"2026-02-05T19:31:53","slug":"black-opium-yves-saint-laurent","status":"publish","type":"product","link":"https:\/\/oscarparfums.ma\/index.php\/product\/black-opium-yves-saint-laurent\/","title":{"rendered":"Black Opium \u2013 Yves Saint Laurent"},"content":{"rendered":"<p>Black Opium Eau de Parfum, une dose d&rsquo;adr\u00e9naline, pour une h\u00e9ro\u00efne rock et chic en qu\u00eate d&rsquo;extase. Hypnotique ? Terriblement<\/p>\n<p><strong>L\u2019HISTOIRE<\/strong><\/p>\n<p>Vivre sa vie au superlatif\u2026 Suivre ses envies et son instinct, briser les codes et assumer sa singularit\u00e9. Ic\u00f4ne puissante et femme ind\u00e9pendante \u00e0 la beaut\u00e9 magn\u00e9tique, la femme Black Opium dessine sa vie selon ses propres r\u00e8gles. Charismatique et sensuelle, elle \u00e9veille \u00e0 son passage un d\u00e9sir incontr\u00f4lable. Succombez \u00e0 son appel. Laissez-vous hypnotiser par BLACK OPIUM.<\/p>\n<p><strong>LE FLACON<\/strong><\/p>\n<p>Noir \u00e9lectrique, coeur incandescent, lignes radicales&#8230; Troublant, fascinant, \u00e0 la texture paillet\u00e9e in\u00e9dite, le flacon de Black Opium est l&rsquo;objet du d\u00e9sir par excellence.<\/p>\n<p><strong>L\u2019OLFACTION<\/strong><\/p>\n<p>Black Opium Eau de Parfum, le premier caf\u00e9 floral par Yves Saint Laurent. Un jus coup de poing mais aussi coup de c\u0153ur : vibrant, sensuel et saisissant. L&rsquo;\u00e9nergie du caf\u00e9 noir \u00e9lectrise une brass\u00e9e de fleurs blanches \u00e0 la f\u00e9minit\u00e9 affirm\u00e9e, le tout d\u00e9voilant les facettes myst\u00e9rieuses et gourmandes de la vanille.<\/p>\n<p><strong>NOTES<\/strong><\/p>\n<p>FAMILLE OLFACTIVE : Oriental Floral Gourmand<br \/>\n\u2022 Notes de T\u00eate : Accord Caf\u00e9 Noir<br \/>\n\u2022 Notes de C\u0153ur : Fleur d&rsquo;Oranger Absolu<br \/>\n\u2022 Notes de Fond : C\u00e8dre, Patchouli<\/p>\n","protected":false},"excerpt":{"rendered":"<p>Black Opium Eau de Parfum, une dose d&rsquo;adr\u00e9naline, pour une h\u00e9ro\u00efne rock et chic en qu\u00eate d&rsquo;extase. Hypnotique ? Terriblement<\/p>\n","protected":false},"featured_media":27465,"comment_status":"open","ping_status":"closed","template":"","meta":[],"product_brand":[],"product_cat":[175],"product_tag":[],"class_list":{"0":"post-27464","1":"product","2":"type-product","3":"status-publish","4":"has-post-thumbnail","6":"product_cat-femmes","8":"first","9":"instock","10":"shipping-taxable","11":"purchasable","12":"product-type-simple"},"aioseo_notices":[],"jetpack_sharing_enabled":true,"_links":{"self":[{"href":"https:\/\/oscarparfums.ma\/index.php\/wp-json\/wp\/v2\/product\/27464","targetHints":{"allow":["GET"]}}],"collection":[{"href":"https:\/\/oscarparfums.ma\/index.php\/wp-json\/wp\/v2\/product"}],"about":[{"href":"https:\/\/oscarparfums.ma\/index.php\/wp-json\/wp\/v2\/types\/product"}],"replies":[{"embeddable":true,"href":"https:\/\/oscarparfums.ma\/index.php\/wp-json\/wp\/v2\/comments?post=27464"}],"version-history":[{"count":1,"href":"https:\/\/oscarparfums.ma\/index.php\/wp-json\/wp\/v2\/product\/27464\/revisions"}],"predecessor-version":[{"id":27469,"href":"https:\/\/oscarparfums.ma\/index.php\/wp-json\/wp\/v2\/product\/27464\/revisions\/27469"}],"wp:featuredmedia":[{"embeddable":true,"href":"https:\/\/oscarparfums.ma\/index.php\/wp-json\/wp\/v2\/media\/27465"}],"wp:attachment":[{"href":"https:\/\/oscarparfums.ma\/index.php\/wp-json\/wp\/v2\/media?parent=27464"}],"wp:term":[{"taxonomy":"product_brand","embeddable":true,"href":"https:\/\/oscarparfums.ma\/index.php\/wp-json\/wp\/v2\/product_brand?post=27464"},{"taxonomy":"product_cat","embeddable":true,"href":"https:\/\/oscarparfums.ma\/index.php\/wp-json\/wp\/v2\/product_cat?post=27464"},{"taxonomy":"product_tag","embeddable":true,"href":"https:\/\/oscarparfums.ma\/index.php\/wp-json\/wp\/v2\/product_tag?post=27464"}],"curies":[{"name":"wp","href":"https:\/\/api.w.org\/{rel}","templated":true}]}}