{"id":27470,"date":"2025-10-31T10:49:40","date_gmt":"2025-10-31T10:49:40","guid":{"rendered":"https:\/\/oscarparfums.ma\/?post_type=product&#038;p=27470"},"modified":"2026-04-08T14:41:58","modified_gmt":"2026-04-08T14:41:58","slug":"coco-mademoiselle","status":"publish","type":"product","link":"https:\/\/oscarparfums.ma\/index.php\/product\/coco-mademoiselle\/","title":{"rendered":"Coco Mademoiselle"},"content":{"rendered":"<div id=\"description\" class=\"data item content product-tab__content\" role=\"tabpanel\" data-role=\"content\" aria-labelledby=\"tab-label-description\" aria-hidden=\"false\">\n<div class=\"product attribute description\">\n<div class=\"value\">COCO MADEMOISELLE. L\u2019essence d\u2019une femme libre et audacieuse. Un oriental f\u00e9minin au caract\u00e8re affirm\u00e9 d&rsquo;une \u00e9tonnante fra\u00eecheur. L\u2019Eau de Parfum en vaporisateur pour un geste ample et souple, sur la peau ou sur l&rsquo;envers des v\u00eatements.\u00a0Un rituel parfum\u00e9 complet pour le bain et le corps permet \u00e9galement d&rsquo;en sublimer le sillage.<\/div>\n<\/div>\n<\/div>\n<div id=\"tab-label-additional\" class=\"data item title product-tab__title\" role=\"tab\" data-role=\"collapsible\" data-collapsible=\"true\" aria-controls=\"additional\" aria-expanded=\"false\"><\/div>\n","protected":false},"excerpt":{"rendered":"<p>COCO MADEMOISELLE. L\u2019essence d\u2019une femme libre et audacieuse. Un oriental f\u00e9minin au caract\u00e8re affirm\u00e9 d&rsquo;une \u00e9tonnante fra\u00eecheur. L\u2019Eau de Parfum<\/p>\n","protected":false},"featured_media":27471,"comment_status":"open","ping_status":"closed","template":"","meta":[],"product_brand":[130],"product_cat":[175,185],"product_tag":[],"class_list":{"0":"post-27470","1":"product","2":"type-product","3":"status-publish","4":"has-post-thumbnail","6":"product_brand-chanel","7":"product_cat-femmes","8":"product_cat-testeur-original-femmes","10":"first","11":"instock","12":"sale","13":"shipping-taxable","14":"purchasable","15":"product-type-simple"},"aioseo_notices":[],"jetpack_sharing_enabled":true,"_links":{"self":[{"href":"https:\/\/oscarparfums.ma\/index.php\/wp-json\/wp\/v2\/product\/27470","targetHints":{"allow":["GET"]}}],"collection":[{"href":"https:\/\/oscarparfums.ma\/index.php\/wp-json\/wp\/v2\/product"}],"about":[{"href":"https:\/\/oscarparfums.ma\/index.php\/wp-json\/wp\/v2\/types\/product"}],"replies":[{"embeddable":true,"href":"https:\/\/oscarparfums.ma\/index.php\/wp-json\/wp\/v2\/comments?post=27470"}],"version-history":[{"count":2,"href":"https:\/\/oscarparfums.ma\/index.php\/wp-json\/wp\/v2\/product\/27470\/revisions"}],"predecessor-version":[{"id":27609,"href":"https:\/\/oscarparfums.ma\/index.php\/wp-json\/wp\/v2\/product\/27470\/revisions\/27609"}],"wp:featuredmedia":[{"embeddable":true,"href":"https:\/\/oscarparfums.ma\/index.php\/wp-json\/wp\/v2\/media\/27471"}],"wp:attachment":[{"href":"https:\/\/oscarparfums.ma\/index.php\/wp-json\/wp\/v2\/media?parent=27470"}],"wp:term":[{"taxonomy":"product_brand","embeddable":true,"href":"https:\/\/oscarparfums.ma\/index.php\/wp-json\/wp\/v2\/product_brand?post=27470"},{"taxonomy":"product_cat","embeddable":true,"href":"https:\/\/oscarparfums.ma\/index.php\/wp-json\/wp\/v2\/product_cat?post=27470"},{"taxonomy":"product_tag","embeddable":true,"href":"https:\/\/oscarparfums.ma\/index.php\/wp-json\/wp\/v2\/product_tag?post=27470"}],"curies":[{"name":"wp","href":"https:\/\/api.w.org\/{rel}","templated":true}]}}