{"id":27476,"date":"2025-10-31T10:58:48","date_gmt":"2025-10-31T10:58:48","guid":{"rendered":"https:\/\/oscarparfums.ma\/?post_type=product&#038;p=27476"},"modified":"2026-04-08T14:41:01","modified_gmt":"2026-04-08T14:41:01","slug":"si-parfum","status":"publish","type":"product","link":"https:\/\/oscarparfums.ma\/index.php\/product\/si-parfum\/","title":{"rendered":"S\u00cc Parfum"},"content":{"rendered":"<p>Ressentez la puissance de la confiance en soi avec S\u00cc PARFUM, l\u2019interpr\u00e9tation la plus intense et sensuelle de l\u2019\u00e9l\u00e9gance infinie de S\u00cc. Une interpr\u00e9tation gourmande et cuir\u00e9e du parfum chypr\u00e9 iconique S\u00cc \u00e9voquant une nouvelle intensit\u00e9 s\u00e9duisante.\u200b<\/p>\n<p>\u200b<\/p>\n<p>Au c\u0153ur de la fragrance, une vanille envo\u00fbtante se r\u00e9v\u00e8le dans sa facette la plus \u00e9l\u00e9gante et fum\u00e9e. Le parfum s\u2019ouvre sur un nectar gourmand de cassis m\u00eal\u00e9 \u00e0 un pr\u00e9cieux accord de safran, tandis qu\u2019au c\u0153ur se trouve une riche rose Damascena. La vanille r\u00e9v\u00e8le toute sa volupt\u00e9 dans les notes de fond, o\u00f9 son intensit\u00e9 sensuelle est rehauss\u00e9e par un accord cuir\u00e9 rappelant le daim et par le patchouli tellurique.\u200b<\/p>\n<p>\u200b<\/p>\n<p>Pour S\u00cc PARFUM, le flacon embl\u00e9matique S\u00cc se pare d&rsquo;une \u00e9l\u00e9gance encore plus raffin\u00e9e. Orn\u00e9 du logo S\u00ec en lettres tridimensionnelles laqu\u00e9es dor\u00e9es, ce flacon semblable \u00e0 un bijou est aussi captivant que le parfum lui-m\u00eame. Le flacon opulent, rehauss\u00e9 d\u2019un effet fum\u00e9 \u00e0 sa base, d\u00e9gage une chaleur intense, r\u00e9v\u00e9lant la fragrance aux tons ambr\u00e9s \u00e0 l\u2019int\u00e9rieur.<\/p>\n","protected":false},"excerpt":{"rendered":"<p>Ressentez la puissance de la confiance en soi avec S\u00cc PARFUM, l\u2019interpr\u00e9tation la plus intense et sensuelle de l\u2019\u00e9l\u00e9gance infinie<\/p>\n","protected":false},"featured_media":27477,"comment_status":"open","ping_status":"closed","template":"","meta":[],"product_brand":[140],"product_cat":[175,185],"product_tag":[],"class_list":{"0":"post-27476","1":"product","2":"type-product","3":"status-publish","4":"has-post-thumbnail","6":"product_brand-giorgio-armani","7":"product_cat-femmes","8":"product_cat-testeur-original-femmes","10":"first","11":"instock","12":"sale","13":"shipping-taxable","14":"purchasable","15":"product-type-simple"},"aioseo_notices":[],"jetpack_sharing_enabled":true,"_links":{"self":[{"href":"https:\/\/oscarparfums.ma\/index.php\/wp-json\/wp\/v2\/product\/27476","targetHints":{"allow":["GET"]}}],"collection":[{"href":"https:\/\/oscarparfums.ma\/index.php\/wp-json\/wp\/v2\/product"}],"about":[{"href":"https:\/\/oscarparfums.ma\/index.php\/wp-json\/wp\/v2\/types\/product"}],"replies":[{"embeddable":true,"href":"https:\/\/oscarparfums.ma\/index.php\/wp-json\/wp\/v2\/comments?post=27476"}],"version-history":[{"count":1,"href":"https:\/\/oscarparfums.ma\/index.php\/wp-json\/wp\/v2\/product\/27476\/revisions"}],"predecessor-version":[{"id":27481,"href":"https:\/\/oscarparfums.ma\/index.php\/wp-json\/wp\/v2\/product\/27476\/revisions\/27481"}],"wp:featuredmedia":[{"embeddable":true,"href":"https:\/\/oscarparfums.ma\/index.php\/wp-json\/wp\/v2\/media\/27477"}],"wp:attachment":[{"href":"https:\/\/oscarparfums.ma\/index.php\/wp-json\/wp\/v2\/media?parent=27476"}],"wp:term":[{"taxonomy":"product_brand","embeddable":true,"href":"https:\/\/oscarparfums.ma\/index.php\/wp-json\/wp\/v2\/product_brand?post=27476"},{"taxonomy":"product_cat","embeddable":true,"href":"https:\/\/oscarparfums.ma\/index.php\/wp-json\/wp\/v2\/product_cat?post=27476"},{"taxonomy":"product_tag","embeddable":true,"href":"https:\/\/oscarparfums.ma\/index.php\/wp-json\/wp\/v2\/product_tag?post=27476"}],"curies":[{"name":"wp","href":"https:\/\/api.w.org\/{rel}","templated":true}]}}