{"id":27482,"date":"2025-10-31T10:59:55","date_gmt":"2025-10-31T10:59:55","guid":{"rendered":"https:\/\/oscarparfums.ma\/?post_type=product&#038;p=27482"},"modified":"2026-04-08T14:40:31","modified_gmt":"2026-04-08T14:40:31","slug":"miss-dior","status":"publish","type":"product","link":"https:\/\/oscarparfums.ma\/index.php\/product\/miss-dior\/","title":{"rendered":"Miss Dior"},"content":{"rendered":"<p><strong>MISS DIOR<\/strong><br \/>\n<strong>LE NOUVEAU PARFUM<\/strong><\/p>\n<p>\u00ab Miss Dior est n\u00e9e de ces soirs de Provence travers\u00e9s de lucioles o\u00f9 le jasmin vert sert de contre-chant \u00e0 la m\u00e9lodie de la nuit et de la terre. \u00bb<\/p>\n<p>Christian Dior, 1947<\/p>\n<p><strong>MISS DIOR PARFUM<\/strong><br \/>\nParfum &#8211; notes fleuries, fruit\u00e9es et bois\u00e9es intenses.<\/p>\n<p>D\u00e9couvrez Miss Dior Parfum, un parfum voluptueux travers\u00e9 de notes \u00e9clatantes de mandarine, o\u00f9 l\u2019effluve du jasmin \u00e9toil\u00e9, fruit\u00e9 et ros\u00e9, sert de contre-chant \u00e0 la m\u00e9lodie du bois.<\/p>\n<p><strong>MISS DIOR R\u00c9INVENT\u00c9E<\/strong><br \/>\nUne envol\u00e9e florale et gourmande qui se pose comme un fruit sur la langue, s\u2019enrobe de fleurs sensuelles et laisse le souvenir dense d\u2019un sillage ambr\u00e9 et bois\u00e9.<\/p>\n","protected":false},"excerpt":{"rendered":"<p>MISS DIOR LE NOUVEAU PARFUM \u00ab Miss Dior est n\u00e9e de ces soirs de Provence travers\u00e9s de lucioles o\u00f9 le<\/p>\n","protected":false},"featured_media":27483,"comment_status":"open","ping_status":"closed","template":"","meta":[],"product_brand":[125],"product_cat":[175,185],"product_tag":[],"class_list":{"0":"post-27482","1":"product","2":"type-product","3":"status-publish","4":"has-post-thumbnail","6":"product_brand-dior","7":"product_cat-femmes","8":"product_cat-testeur-original-femmes","10":"first","11":"instock","12":"sale","13":"shipping-taxable","14":"purchasable","15":"product-type-simple"},"aioseo_notices":[],"jetpack_sharing_enabled":true,"_links":{"self":[{"href":"https:\/\/oscarparfums.ma\/index.php\/wp-json\/wp\/v2\/product\/27482","targetHints":{"allow":["GET"]}}],"collection":[{"href":"https:\/\/oscarparfums.ma\/index.php\/wp-json\/wp\/v2\/product"}],"about":[{"href":"https:\/\/oscarparfums.ma\/index.php\/wp-json\/wp\/v2\/types\/product"}],"replies":[{"embeddable":true,"href":"https:\/\/oscarparfums.ma\/index.php\/wp-json\/wp\/v2\/comments?post=27482"}],"version-history":[{"count":1,"href":"https:\/\/oscarparfums.ma\/index.php\/wp-json\/wp\/v2\/product\/27482\/revisions"}],"predecessor-version":[{"id":27485,"href":"https:\/\/oscarparfums.ma\/index.php\/wp-json\/wp\/v2\/product\/27482\/revisions\/27485"}],"wp:featuredmedia":[{"embeddable":true,"href":"https:\/\/oscarparfums.ma\/index.php\/wp-json\/wp\/v2\/media\/27483"}],"wp:attachment":[{"href":"https:\/\/oscarparfums.ma\/index.php\/wp-json\/wp\/v2\/media?parent=27482"}],"wp:term":[{"taxonomy":"product_brand","embeddable":true,"href":"https:\/\/oscarparfums.ma\/index.php\/wp-json\/wp\/v2\/product_brand?post=27482"},{"taxonomy":"product_cat","embeddable":true,"href":"https:\/\/oscarparfums.ma\/index.php\/wp-json\/wp\/v2\/product_cat?post=27482"},{"taxonomy":"product_tag","embeddable":true,"href":"https:\/\/oscarparfums.ma\/index.php\/wp-json\/wp\/v2\/product_tag?post=27482"}],"curies":[{"name":"wp","href":"https:\/\/api.w.org\/{rel}","templated":true}]}}