{"id":27486,"date":"2025-10-31T11:03:08","date_gmt":"2025-10-31T11:03:08","guid":{"rendered":"https:\/\/oscarparfums.ma\/?post_type=product&#038;p=27486"},"modified":"2026-04-08T14:40:08","modified_gmt":"2026-04-08T14:40:08","slug":"hypnotic-poison","status":"publish","type":"product","link":"https:\/\/oscarparfums.ma\/index.php\/product\/hypnotic-poison\/","title":{"rendered":"Hypnotic Poison"},"content":{"rendered":"<p>On ne porte pas Hypnotic Poison, il vous porte.<\/p>\n<p>Avec l&rsquo;Eau de toilette Hypnotic Poison, la maison Dior cr\u00e9e un mythe de la parfumerie moderne au travers d&rsquo;une fragrance magn\u00e9tique et sensuelle.<\/p>\n<p>Un oriental enivrant, terriblement sensuel. \u00ab Empreint d&rsquo;un esprit conqu\u00e9rant et insolent, Hypnotic Poison est un Oriental qui bouscule et interpelle. \u00bb Hypnotic Poison Eau de toilette offre des facettes contrast\u00e9es.<br \/>\nLa note de vanille charnelle et l&rsquo;amande am\u00e8re se m\u00ealent \u00e0 un accord jasmin Sambac-Santal.<br \/>\nNotes de badiane et accords de musc renforcent ce philtre magn\u00e9tique. Parfum de myst\u00e8re, le flacon Hypnotic Poison est une ic\u00f4ne absolue, l\u2019incarnation sulfureuse du fruit d\u00e9fendu.<br \/>\nPomme rouge tentatrice, son verre est comme habit\u00e9 d\u2019une lave en fusion. Un flacon sensuel, vivant sous les doigts, reconnaissable entre tous et dont les chaudes transparences convoquent tout le savoir-faire verrier au service de la Maison.<\/p>\n<p>V\u00e9ritable bijou, le flacon mythique de l&rsquo;eau de toilette se pare d\u00e9sormais d&rsquo;une couleur rouge, pop et vibrante, r\u00e9solument moderne.<\/p>\n","protected":false},"excerpt":{"rendered":"<p>On ne porte pas Hypnotic Poison, il vous porte. Avec l&rsquo;Eau de toilette Hypnotic Poison, la maison Dior cr\u00e9e un<\/p>\n","protected":false},"featured_media":27487,"comment_status":"open","ping_status":"closed","template":"","meta":[],"product_brand":[],"product_cat":[175,185],"product_tag":[],"class_list":{"0":"post-27486","1":"product","2":"type-product","3":"status-publish","4":"has-post-thumbnail","6":"product_cat-femmes","7":"product_cat-testeur-original-femmes","9":"first","10":"instock","11":"sale","12":"shipping-taxable","13":"purchasable","14":"product-type-simple"},"aioseo_notices":[],"jetpack_sharing_enabled":true,"_links":{"self":[{"href":"https:\/\/oscarparfums.ma\/index.php\/wp-json\/wp\/v2\/product\/27486","targetHints":{"allow":["GET"]}}],"collection":[{"href":"https:\/\/oscarparfums.ma\/index.php\/wp-json\/wp\/v2\/product"}],"about":[{"href":"https:\/\/oscarparfums.ma\/index.php\/wp-json\/wp\/v2\/types\/product"}],"replies":[{"embeddable":true,"href":"https:\/\/oscarparfums.ma\/index.php\/wp-json\/wp\/v2\/comments?post=27486"}],"version-history":[{"count":1,"href":"https:\/\/oscarparfums.ma\/index.php\/wp-json\/wp\/v2\/product\/27486\/revisions"}],"predecessor-version":[{"id":27488,"href":"https:\/\/oscarparfums.ma\/index.php\/wp-json\/wp\/v2\/product\/27486\/revisions\/27488"}],"wp:featuredmedia":[{"embeddable":true,"href":"https:\/\/oscarparfums.ma\/index.php\/wp-json\/wp\/v2\/media\/27487"}],"wp:attachment":[{"href":"https:\/\/oscarparfums.ma\/index.php\/wp-json\/wp\/v2\/media?parent=27486"}],"wp:term":[{"taxonomy":"product_brand","embeddable":true,"href":"https:\/\/oscarparfums.ma\/index.php\/wp-json\/wp\/v2\/product_brand?post=27486"},{"taxonomy":"product_cat","embeddable":true,"href":"https:\/\/oscarparfums.ma\/index.php\/wp-json\/wp\/v2\/product_cat?post=27486"},{"taxonomy":"product_tag","embeddable":true,"href":"https:\/\/oscarparfums.ma\/index.php\/wp-json\/wp\/v2\/product_tag?post=27486"}],"curies":[{"name":"wp","href":"https:\/\/api.w.org\/{rel}","templated":true}]}}