{"id":27504,"date":"2025-10-31T11:14:28","date_gmt":"2025-10-31T11:14:28","guid":{"rendered":"https:\/\/oscarparfums.ma\/?post_type=product&#038;p=27504"},"modified":"2026-04-08T14:37:31","modified_gmt":"2026-04-08T14:37:31","slug":"bright-crystal","status":"publish","type":"product","link":"https:\/\/oscarparfums.ma\/index.php\/product\/bright-crystal\/","title":{"rendered":"Bright Crystal"},"content":{"rendered":"<div id=\"description\" class=\"data item content product-tab__content\" role=\"tabpanel\" data-role=\"content\" aria-labelledby=\"tab-label-description\" aria-hidden=\"false\">\n<div class=\"product attribute description\">\n<div class=\"value\">Une fragrance captivante et voluptueuse, \u00e9loquente, symbolisant parfaitement la femme Versace, d\u00e9termin\u00e9e et s\u00fbre de son charme, sensuelle et f\u00e9minine, toujours glamour. Une femme qui aime s\u2019envelopper dans une fragrance r\u00e9v\u00e9lant d\u00e9licatement des grains color\u00e9s et juteux de grenade, une fra\u00eecheur glac\u00e9e et du yuzu \u00e9tincelant. La beaut\u00e9 du magnolia, de la pivoine et de la fleur de lotus offre volupt\u00e9 et transparence, tandis que l\u2019ambre v\u00e9g\u00e9tal, d\u00e9licatement sensuel, vient ravir les sens. Famille olfactive : floraux, fruit\u00e9s, musqu\u00e9s.<\/div>\n<\/div>\n<\/div>\n<div id=\"tab-label-additional\" class=\"data item title product-tab__title\" role=\"tab\" data-role=\"collapsible\" data-collapsible=\"true\" aria-controls=\"additional\" aria-expanded=\"false\"><\/div>\n","protected":false},"excerpt":{"rendered":"<p>Une fragrance captivante et voluptueuse, \u00e9loquente, symbolisant parfaitement la femme Versace, d\u00e9termin\u00e9e et s\u00fbre de son charme, sensuelle et f\u00e9minine,<\/p>\n","protected":false},"featured_media":27505,"comment_status":"open","ping_status":"closed","template":"","meta":[],"product_brand":[147],"product_cat":[175,185],"product_tag":[],"class_list":{"0":"post-27504","1":"product","2":"type-product","3":"status-publish","4":"has-post-thumbnail","6":"product_brand-versace","7":"product_cat-femmes","8":"product_cat-testeur-original-femmes","10":"first","11":"instock","12":"sale","13":"shipping-taxable","14":"purchasable","15":"product-type-simple"},"aioseo_notices":[],"jetpack_sharing_enabled":true,"_links":{"self":[{"href":"https:\/\/oscarparfums.ma\/index.php\/wp-json\/wp\/v2\/product\/27504","targetHints":{"allow":["GET"]}}],"collection":[{"href":"https:\/\/oscarparfums.ma\/index.php\/wp-json\/wp\/v2\/product"}],"about":[{"href":"https:\/\/oscarparfums.ma\/index.php\/wp-json\/wp\/v2\/types\/product"}],"replies":[{"embeddable":true,"href":"https:\/\/oscarparfums.ma\/index.php\/wp-json\/wp\/v2\/comments?post=27504"}],"version-history":[{"count":2,"href":"https:\/\/oscarparfums.ma\/index.php\/wp-json\/wp\/v2\/product\/27504\/revisions"}],"predecessor-version":[{"id":27607,"href":"https:\/\/oscarparfums.ma\/index.php\/wp-json\/wp\/v2\/product\/27504\/revisions\/27607"}],"wp:featuredmedia":[{"embeddable":true,"href":"https:\/\/oscarparfums.ma\/index.php\/wp-json\/wp\/v2\/media\/27505"}],"wp:attachment":[{"href":"https:\/\/oscarparfums.ma\/index.php\/wp-json\/wp\/v2\/media?parent=27504"}],"wp:term":[{"taxonomy":"product_brand","embeddable":true,"href":"https:\/\/oscarparfums.ma\/index.php\/wp-json\/wp\/v2\/product_brand?post=27504"},{"taxonomy":"product_cat","embeddable":true,"href":"https:\/\/oscarparfums.ma\/index.php\/wp-json\/wp\/v2\/product_cat?post=27504"},{"taxonomy":"product_tag","embeddable":true,"href":"https:\/\/oscarparfums.ma\/index.php\/wp-json\/wp\/v2\/product_tag?post=27504"}],"curies":[{"name":"wp","href":"https:\/\/api.w.org\/{rel}","templated":true}]}}