{"id":27688,"date":"2026-04-08T14:35:20","date_gmt":"2026-04-08T14:35:20","guid":{"rendered":"https:\/\/oscarparfums.ma\/?post_type=product&#038;p=27688"},"modified":"2026-04-08T14:35:20","modified_gmt":"2026-04-08T14:35:20","slug":"mayar-lattafa-cherry-eau-de-parfum","status":"publish","type":"product","link":"https:\/\/oscarparfums.ma\/index.php\/product\/mayar-lattafa-cherry-eau-de-parfum\/","title":{"rendered":"Mayar Lattafa Cherry &#8211; Eau de Parfum"},"content":{"rendered":"<p><strong data-start=\"536\" data-end=\"560\">Mayar Lattafa Cherry<\/strong> vous plonge dans un univers fruit\u00e9 et floral avec son m\u00e9lange de cerise juteuse, de roses fra\u00eeches et de musc doux. Parfait pour le printemps et l&rsquo;\u00e9t\u00e9, il s\u00e9duit par sa l\u00e9g\u00e8ret\u00e9 et sa gourmandise. Un parfum id\u00e9al pour celles qui recherchent une fragrance p\u00e9tillante, f\u00e9minine et pleine de caract\u00e8re. Sa tenue est longue et son sillage discret, pour une signature unique et raffin\u00e9e.<\/p>\n","protected":false},"excerpt":{"rendered":"<p>Mayar Lattafa Cherry vous plonge dans un univers fruit\u00e9 et floral avec son m\u00e9lange de cerise juteuse, de roses fra\u00eeches<\/p>\n","protected":false},"featured_media":27696,"comment_status":"open","ping_status":"closed","template":"","meta":[],"product_brand":[],"product_cat":[175,181],"product_tag":[],"class_list":{"0":"post-27688","1":"product","2":"type-product","3":"status-publish","4":"has-post-thumbnail","6":"product_cat-femmes","7":"product_cat-parfums-arabes-femmes","9":"first","10":"instock","11":"sale","12":"shipping-taxable","13":"purchasable","14":"product-type-simple"},"aioseo_notices":[],"jetpack_sharing_enabled":true,"_links":{"self":[{"href":"https:\/\/oscarparfums.ma\/index.php\/wp-json\/wp\/v2\/product\/27688","targetHints":{"allow":["GET"]}}],"collection":[{"href":"https:\/\/oscarparfums.ma\/index.php\/wp-json\/wp\/v2\/product"}],"about":[{"href":"https:\/\/oscarparfums.ma\/index.php\/wp-json\/wp\/v2\/types\/product"}],"replies":[{"embeddable":true,"href":"https:\/\/oscarparfums.ma\/index.php\/wp-json\/wp\/v2\/comments?post=27688"}],"version-history":[{"count":1,"href":"https:\/\/oscarparfums.ma\/index.php\/wp-json\/wp\/v2\/product\/27688\/revisions"}],"predecessor-version":[{"id":27697,"href":"https:\/\/oscarparfums.ma\/index.php\/wp-json\/wp\/v2\/product\/27688\/revisions\/27697"}],"wp:featuredmedia":[{"embeddable":true,"href":"https:\/\/oscarparfums.ma\/index.php\/wp-json\/wp\/v2\/media\/27696"}],"wp:attachment":[{"href":"https:\/\/oscarparfums.ma\/index.php\/wp-json\/wp\/v2\/media?parent=27688"}],"wp:term":[{"taxonomy":"product_brand","embeddable":true,"href":"https:\/\/oscarparfums.ma\/index.php\/wp-json\/wp\/v2\/product_brand?post=27688"},{"taxonomy":"product_cat","embeddable":true,"href":"https:\/\/oscarparfums.ma\/index.php\/wp-json\/wp\/v2\/product_cat?post=27688"},{"taxonomy":"product_tag","embeddable":true,"href":"https:\/\/oscarparfums.ma\/index.php\/wp-json\/wp\/v2\/product_tag?post=27688"}],"curies":[{"name":"wp","href":"https:\/\/api.w.org\/{rel}","templated":true}]}}